{"id":974,"date":"2024-06-25T15:58:56","date_gmt":"2024-06-25T13:58:56","guid":{"rendered":"https:\/\/sonasp.bf\/?page_id=974"},"modified":"2024-07-16T11:40:38","modified_gmt":"2024-07-16T09:40:38","slug":"contact","status":"publish","type":"page","link":"https:\/\/sonasp.bf\/?page_id=974","title":{"rendered":"Contact"},"content":{"rendered":"\t\t<div data-elementor-type=\"wp-page\" data-elementor-id=\"974\" class=\"elementor elementor-974\" data-elementor-post-type=\"page\">\n\t\t\t\t<div class=\"elementor-element elementor-element-aeb4ba1 e-flex e-con-boxed e-con e-parent\" data-id=\"aeb4ba1\" data-element_type=\"container\" data-settings=\"{&quot;background_background&quot;:&quot;classic&quot;}\">\n\t\t\t\t\t<div class=\"e-con-inner\">\n\t\t\t\t<div class=\"elementor-element elementor-element-bfd25cc elementor-widget elementor-widget-heading\" data-id=\"bfd25cc\" data-element_type=\"widget\" data-widget_type=\"heading.default\">\n\t\t\t\t<div class=\"elementor-widget-container\">\n\t\t\t<h2 class=\"elementor-heading-title elementor-size-default\">Contact<\/h2>\t\t<\/div>\n\t\t\t\t<\/div>\n\t\t\t\t\t<\/div>\n\t\t\t\t<\/div>\n\t\t<div class=\"elementor-element elementor-element-55ec820c e-flex e-con-boxed e-con e-parent\" data-id=\"55ec820c\" data-element_type=\"container\" data-settings=\"{&quot;background_background&quot;:&quot;classic&quot;}\">\n\t\t\t\t\t<div class=\"e-con-inner\">\n\t\t<div class=\"elementor-element elementor-element-25b78f1e e-con-full e-flex e-con e-child\" data-id=\"25b78f1e\" data-element_type=\"container\" data-settings=\"{&quot;background_background&quot;:&quot;classic&quot;}\">\n\t\t\t\t<\/div>\n\t\t<div class=\"elementor-element elementor-element-6421e9f1 e-con-full e-flex e-con e-child\" data-id=\"6421e9f1\" data-element_type=\"container\" data-settings=\"{&quot;background_background&quot;:&quot;classic&quot;}\">\n\t\t\t\t<div class=\"elementor-element elementor-element-6fe42dcd elementor-invisible elementor-widget elementor-widget-heading\" data-id=\"6fe42dcd\" data-element_type=\"widget\" data-settings=\"{&quot;_animation&quot;:&quot;fadeInUp&quot;}\" data-widget_type=\"heading.default\">\n\t\t\t\t<div class=\"elementor-widget-container\">\n\t\t\t<h1 class=\"elementor-heading-title elementor-size-default\">Contactez-nous<\/h1>\t\t<\/div>\n\t\t\t\t<\/div>\n\t\t\t\t<div class=\"elementor-element elementor-element-3cc910cf elementor-button-align-end elementor-widget elementor-widget-form\" data-id=\"3cc910cf\" data-element_type=\"widget\" data-settings=\"{&quot;step_next_label&quot;:&quot;Next&quot;,&quot;step_previous_label&quot;:&quot;Previous&quot;,&quot;button_width&quot;:&quot;100&quot;,&quot;step_type&quot;:&quot;number_text&quot;,&quot;step_icon_shape&quot;:&quot;circle&quot;}\" data-widget_type=\"form.default\">\n\t\t\t\t<div class=\"elementor-widget-container\">\n\t\t\t\t\t<form class=\"elementor-form\" method=\"post\" name=\"Contact Form\">\n\t\t\t<input type=\"hidden\" name=\"post_id\" value=\"974\"\/>\n\t\t\t<input type=\"hidden\" name=\"form_id\" value=\"3cc910cf\"\/>\n\t\t\t<input type=\"hidden\" name=\"referer_title\" value=\"SONASP\" \/>\n\n\t\t\t\n\t\t\t<div class=\"elementor-form-fields-wrapper elementor-labels-\">\n\t\t\t\t\t\t\t\t<div class=\"elementor-field-type-text elementor-field-group elementor-column elementor-field-group-name elementor-col-100 elementor-field-required\">\n\t\t\t\t\t\t\t\t\t\t\t\t<label for=\"form-field-name\" class=\"elementor-field-label elementor-screen-only\">\n\t\t\t\t\t\t\t\tNom*\t\t\t\t\t\t\t<\/label>\n\t\t\t\t\t\t\t\t\t\t\t\t\t\t<input size=\"1\" type=\"text\" name=\"form_fields[name]\" id=\"form-field-name\" class=\"elementor-field elementor-size-md  elementor-field-textual\" placeholder=\"Nom*\" required=\"required\" aria-required=\"true\">\n\t\t\t\t\t\t\t\t\t\t\t<\/div>\n\t\t\t\t\t\t\t\t<div class=\"elementor-field-type-email elementor-field-group elementor-column elementor-field-group-email elementor-col-100 elementor-field-required\">\n\t\t\t\t\t\t\t\t\t\t\t\t<label for=\"form-field-email\" class=\"elementor-field-label elementor-screen-only\">\n\t\t\t\t\t\t\t\tEmail*\t\t\t\t\t\t\t<\/label>\n\t\t\t\t\t\t\t\t\t\t\t\t\t\t<input size=\"1\" type=\"email\" name=\"form_fields[email]\" id=\"form-field-email\" class=\"elementor-field elementor-size-md  elementor-field-textual\" placeholder=\"Email*\" required=\"required\" aria-required=\"true\">\n\t\t\t\t\t\t\t\t\t\t\t<\/div>\n\t\t\t\t\t\t\t\t<div class=\"elementor-field-type-text elementor-field-group elementor-column elementor-field-group-field_b743cd7 elementor-col-100 elementor-field-required\">\n\t\t\t\t\t\t\t\t\t\t\t\t<label for=\"form-field-field_b743cd7\" class=\"elementor-field-label elementor-screen-only\">\n\t\t\t\t\t\t\t\tObjet*\t\t\t\t\t\t\t<\/label>\n\t\t\t\t\t\t\t\t\t\t\t\t\t\t<input size=\"1\" type=\"text\" name=\"form_fields[field_b743cd7]\" id=\"form-field-field_b743cd7\" class=\"elementor-field elementor-size-md  elementor-field-textual\" placeholder=\"Objet*\" required=\"required\" aria-required=\"true\">\n\t\t\t\t\t\t\t\t\t\t\t<\/div>\n\t\t\t\t\t\t\t\t<div class=\"elementor-field-type-textarea elementor-field-group elementor-column elementor-field-group-message elementor-col-100 elementor-field-required\">\n\t\t\t\t\t\t\t\t\t\t\t\t<label for=\"form-field-message\" class=\"elementor-field-label elementor-screen-only\">\n\t\t\t\t\t\t\t\tMessage*\t\t\t\t\t\t\t<\/label>\n\t\t\t\t\t\t<textarea class=\"elementor-field-textual elementor-field  elementor-size-md\" name=\"form_fields[message]\" id=\"form-field-message\" rows=\"3\" placeholder=\"Message*\" required=\"required\" aria-required=\"true\"><\/textarea>\t\t\t\t<\/div>\n\t\t\t\t\t\t\t\t<div class=\"elementor-field-group elementor-column elementor-field-type-submit elementor-col-100 e-form__buttons\">\n\t\t\t\t\t<button class=\"elementor-button elementor-size-sm\" type=\"submit\">\n\t\t\t\t\t\t<span class=\"elementor-button-content-wrapper\">\n\t\t\t\t\t\t\t\t\t\t\t\t\t\t\t\t\t\t\t\t\t\t<span class=\"elementor-button-text\">Envoyer<\/span>\n\t\t\t\t\t\t\t\t\t\t\t\t\t<\/span>\n\t\t\t\t\t<\/button>\n\t\t\t\t<\/div>\n\t\t\t<\/div>\n\t\t<\/form>\n\t\t\t\t<\/div>\n\t\t\t\t<\/div>\n\t\t\t\t<div class=\"elementor-element elementor-element-3f61b7a elementor-invisible elementor-widget elementor-widget-heading\" data-id=\"3f61b7a\" data-element_type=\"widget\" data-settings=\"{&quot;_animation&quot;:&quot;fadeInUp&quot;}\" data-widget_type=\"heading.default\">\n\t\t\t\t<div class=\"elementor-widget-container\">\n\t\t\t<h1 class=\"elementor-heading-title elementor-size-default\">Le si\u00e8ge de la soci\u00e9t\u00e9 est fix\u00e9 \u00e0 Ouagadougou : 27, Avenue du Pr\u00e9sident Sangoul\u00e9 LAMIZANA, au Burkina Faso, 01 BP 1635 Ouagadougou 01<\/h1>\t\t<\/div>\n\t\t\t\t<\/div>\n\t\t\t\t<\/div>\n\t\t\t\t\t<\/div>\n\t\t\t\t<\/div>\n\t\t<div class=\"elementor-element elementor-element-6cb80587 e-flex e-con-boxed e-con e-parent\" data-id=\"6cb80587\" data-element_type=\"container\" data-settings=\"{&quot;background_background&quot;:&quot;classic&quot;}\">\n\t\t\t\t\t<div class=\"e-con-inner\">\n\t\t\t\t<div class=\"elementor-element elementor-element-54a5aba8 elementor-widget elementor-widget-text-editor\" data-id=\"54a5aba8\" data-element_type=\"widget\" data-widget_type=\"text-editor.default\">\n\t\t\t\t<div class=\"elementor-widget-container\">\n\t\t\t\t\t\t\t<p>Pour toutes demandes, n&rsquo;h\u00e9sitez pas \u00e0 nous contacter.<\/p>\t\t\t\t\t\t<\/div>\n\t\t\t\t<\/div>\n\t\t\t\t\t<\/div>\n\t\t\t\t<\/div>\n\t\t\t\t<\/div>\n\t\t","protected":false},"excerpt":{"rendered":"<p>Contact Contactez-nous Le si\u00e8ge de la soci\u00e9t\u00e9 est fix\u00e9 \u00e0 Ouagadougou : 27, Avenue du Pr\u00e9sident Sangoul\u00e9 LAMIZANA, au Burkina [&hellip;]<\/p>\n","protected":false},"author":1,"featured_media":0,"parent":0,"menu_order":0,"comment_status":"closed","ping_status":"closed","template":"","meta":{"site-sidebar-layout":"no-sidebar","site-content-layout":"","ast-site-content-layout":"full-width-container","site-content-style":"default","site-sidebar-style":"default","ast-global-header-display":"","ast-banner-title-visibility":"","ast-main-header-display":"","ast-hfb-above-header-display":"","ast-hfb-below-header-display":"","ast-hfb-mobile-header-display":"","site-post-title":"disabled","ast-breadcrumbs-content":"","ast-featured-img":"disabled","footer-sml-layout":"","theme-transparent-header-meta":"","adv-header-id-meta":"","stick-header-meta":"","header-above-stick-meta":"","header-main-stick-meta":"","header-below-stick-meta":"","astra-migrate-meta-layouts":"default","ast-page-background-enabled":"default","ast-page-background-meta":{"desktop":{"background-color":"var(--ast-global-color-4)","background-image":"","background-repeat":"repeat","background-position":"center center","background-size":"auto","background-attachment":"scroll","background-type":"","background-media":"","overlay-type":"","overlay-color":"","overlay-opacity":"","overlay-gradient":""},"tablet":{"background-color":"","background-image":"","background-repeat":"repeat","background-position":"center center","background-size":"auto","background-attachment":"scroll","background-type":"","background-media":"","overlay-type":"","overlay-color":"","overlay-opacity":"","overlay-gradient":""},"mobile":{"background-color":"","background-image":"","background-repeat":"repeat","background-position":"center center","background-size":"auto","background-attachment":"scroll","background-type":"","background-media":"","overlay-type":"","overlay-color":"","overlay-opacity":"","overlay-gradient":""}},"ast-content-background-meta":{"desktop":{"background-color":"var(--ast-global-color-5)","background-image":"","background-repeat":"repeat","background-position":"center center","background-size":"auto","background-attachment":"scroll","background-type":"","background-media":"","overlay-type":"","overlay-color":"","overlay-opacity":"","overlay-gradient":""},"tablet":{"background-color":"var(--ast-global-color-5)","background-image":"","background-repeat":"repeat","background-position":"center center","background-size":"auto","background-attachment":"scroll","background-type":"","background-media":"","overlay-type":"","overlay-color":"","overlay-opacity":"","overlay-gradient":""},"mobile":{"background-color":"var(--ast-global-color-5)","background-image":"","background-repeat":"repeat","background-position":"center center","background-size":"auto","background-attachment":"scroll","background-type":"","background-media":"","overlay-type":"","overlay-color":"","overlay-opacity":"","overlay-gradient":""}},"footnotes":""},"class_list":["post-974","page","type-page","status-publish","hentry"],"yoast_head":"<!-- This site is optimized with the Yoast SEO plugin v24.0 - https:\/\/yoast.com\/wordpress\/plugins\/seo\/ -->\n<title>Contact &#8211; SONASP<\/title>\n<meta name=\"robots\" content=\"index, follow, max-snippet:-1, max-image-preview:large, max-video-preview:-1\" \/>\n<link rel=\"canonical\" href=\"https:\/\/sonasp.bf\/?page_id=974\" \/>\n<meta property=\"og:locale\" content=\"fr_FR\" \/>\n<meta property=\"og:type\" content=\"article\" \/>\n<meta property=\"og:title\" content=\"Contact &#8211; SONASP\" \/>\n<meta property=\"og:description\" content=\"Contact Contactez-nous Le si\u00e8ge de la soci\u00e9t\u00e9 est fix\u00e9 \u00e0 Ouagadougou : 27, Avenue du Pr\u00e9sident Sangoul\u00e9 LAMIZANA, au Burkina [&hellip;]\" \/>\n<meta property=\"og:url\" content=\"https:\/\/sonasp.bf\/?page_id=974\" \/>\n<meta property=\"og:site_name\" content=\"SONASP\" \/>\n<meta property=\"article:publisher\" content=\"https:\/\/web.facebook.com\/Sonaspre\" \/>\n<meta property=\"article:modified_time\" content=\"2024-07-16T09:40:38+00:00\" \/>\n<meta property=\"og:image\" content=\"https:\/\/sonasp.bf\/wp-content\/uploads\/2024\/06\/LOGO-SONASP-FINAL-scaled.jpg\" \/>\n\t<meta property=\"og:image:width\" content=\"2560\" \/>\n\t<meta property=\"og:image:height\" content=\"1219\" \/>\n\t<meta property=\"og:image:type\" content=\"image\/jpeg\" \/>\n<meta name=\"twitter:card\" content=\"summary_large_image\" \/>\n<meta name=\"twitter:label1\" content=\"Dur\u00e9e de lecture estim\u00e9e\" \/>\n\t<meta name=\"twitter:data1\" content=\"1 minute\" \/>\n<script type=\"application\/ld+json\" class=\"yoast-schema-graph\">{\"@context\":\"https:\/\/schema.org\",\"@graph\":[{\"@type\":\"WebPage\",\"@id\":\"https:\/\/sonasp.bf\/?page_id=974\",\"url\":\"https:\/\/sonasp.bf\/?page_id=974\",\"name\":\"Contact &#8211; SONASP\",\"isPartOf\":{\"@id\":\"https:\/\/sonasp.bf\/#website\"},\"datePublished\":\"2024-06-25T13:58:56+00:00\",\"dateModified\":\"2024-07-16T09:40:38+00:00\",\"breadcrumb\":{\"@id\":\"https:\/\/sonasp.bf\/?page_id=974#breadcrumb\"},\"inLanguage\":\"fr-FR\",\"potentialAction\":[{\"@type\":\"ReadAction\",\"target\":[\"https:\/\/sonasp.bf\/?page_id=974\"]}]},{\"@type\":\"BreadcrumbList\",\"@id\":\"https:\/\/sonasp.bf\/?page_id=974#breadcrumb\",\"itemListElement\":[{\"@type\":\"ListItem\",\"position\":1,\"name\":\"Accueil\",\"item\":\"https:\/\/sonasp.bf\/\"},{\"@type\":\"ListItem\",\"position\":2,\"name\":\"Contact\"}]},{\"@type\":\"WebSite\",\"@id\":\"https:\/\/sonasp.bf\/#website\",\"url\":\"https:\/\/sonasp.bf\/\",\"name\":\"SONASP\",\"description\":\"Soci\u00e9t\u00e9 Nationale des Substances Pr\u00e9cieuses\",\"publisher\":{\"@id\":\"https:\/\/sonasp.bf\/#organization\"},\"potentialAction\":[{\"@type\":\"SearchAction\",\"target\":{\"@type\":\"EntryPoint\",\"urlTemplate\":\"https:\/\/sonasp.bf\/?s={search_term_string}\"},\"query-input\":{\"@type\":\"PropertyValueSpecification\",\"valueRequired\":true,\"valueName\":\"search_term_string\"}}],\"inLanguage\":\"fr-FR\"},{\"@type\":\"Organization\",\"@id\":\"https:\/\/sonasp.bf\/#organization\",\"name\":\"SONASP\",\"url\":\"https:\/\/sonasp.bf\/\",\"logo\":{\"@type\":\"ImageObject\",\"inLanguage\":\"fr-FR\",\"@id\":\"https:\/\/sonasp.bf\/#\/schema\/logo\/image\/\",\"url\":\"https:\/\/sonasp.bf\/wp-content\/uploads\/2024\/06\/LOGO-SONASP-FINAL-scaled.jpg\",\"contentUrl\":\"https:\/\/sonasp.bf\/wp-content\/uploads\/2024\/06\/LOGO-SONASP-FINAL-scaled.jpg\",\"width\":2560,\"height\":1219,\"caption\":\"SONASP\"},\"image\":{\"@id\":\"https:\/\/sonasp.bf\/#\/schema\/logo\/image\/\"},\"sameAs\":[\"https:\/\/web.facebook.com\/Sonaspre\",\"https:\/\/www.linkedin.com\/company\/agence-nationale-d-encadrement-des-exploitations-minires-artisanales-et-semi-mcanises-aneemas\/\"]}]}<\/script>\n<!-- \/ Yoast SEO plugin. -->","yoast_head_json":{"title":"Contact &#8211; SONASP","robots":{"index":"index","follow":"follow","max-snippet":"max-snippet:-1","max-image-preview":"max-image-preview:large","max-video-preview":"max-video-preview:-1"},"canonical":"https:\/\/sonasp.bf\/?page_id=974","og_locale":"fr_FR","og_type":"article","og_title":"Contact &#8211; SONASP","og_description":"Contact Contactez-nous Le si\u00e8ge de la soci\u00e9t\u00e9 est fix\u00e9 \u00e0 Ouagadougou : 27, Avenue du Pr\u00e9sident Sangoul\u00e9 LAMIZANA, au Burkina [&hellip;]","og_url":"https:\/\/sonasp.bf\/?page_id=974","og_site_name":"SONASP","article_publisher":"https:\/\/web.facebook.com\/Sonaspre","article_modified_time":"2024-07-16T09:40:38+00:00","og_image":[{"width":2560,"height":1219,"url":"https:\/\/sonasp.bf\/wp-content\/uploads\/2024\/06\/LOGO-SONASP-FINAL-scaled.jpg","type":"image\/jpeg"}],"twitter_card":"summary_large_image","twitter_misc":{"Dur\u00e9e de lecture estim\u00e9e":"1 minute"},"schema":{"@context":"https:\/\/schema.org","@graph":[{"@type":"WebPage","@id":"https:\/\/sonasp.bf\/?page_id=974","url":"https:\/\/sonasp.bf\/?page_id=974","name":"Contact &#8211; SONASP","isPartOf":{"@id":"https:\/\/sonasp.bf\/#website"},"datePublished":"2024-06-25T13:58:56+00:00","dateModified":"2024-07-16T09:40:38+00:00","breadcrumb":{"@id":"https:\/\/sonasp.bf\/?page_id=974#breadcrumb"},"inLanguage":"fr-FR","potentialAction":[{"@type":"ReadAction","target":["https:\/\/sonasp.bf\/?page_id=974"]}]},{"@type":"BreadcrumbList","@id":"https:\/\/sonasp.bf\/?page_id=974#breadcrumb","itemListElement":[{"@type":"ListItem","position":1,"name":"Accueil","item":"https:\/\/sonasp.bf\/"},{"@type":"ListItem","position":2,"name":"Contact"}]},{"@type":"WebSite","@id":"https:\/\/sonasp.bf\/#website","url":"https:\/\/sonasp.bf\/","name":"SONASP","description":"Soci\u00e9t\u00e9 Nationale des Substances Pr\u00e9cieuses","publisher":{"@id":"https:\/\/sonasp.bf\/#organization"},"potentialAction":[{"@type":"SearchAction","target":{"@type":"EntryPoint","urlTemplate":"https:\/\/sonasp.bf\/?s={search_term_string}"},"query-input":{"@type":"PropertyValueSpecification","valueRequired":true,"valueName":"search_term_string"}}],"inLanguage":"fr-FR"},{"@type":"Organization","@id":"https:\/\/sonasp.bf\/#organization","name":"SONASP","url":"https:\/\/sonasp.bf\/","logo":{"@type":"ImageObject","inLanguage":"fr-FR","@id":"https:\/\/sonasp.bf\/#\/schema\/logo\/image\/","url":"https:\/\/sonasp.bf\/wp-content\/uploads\/2024\/06\/LOGO-SONASP-FINAL-scaled.jpg","contentUrl":"https:\/\/sonasp.bf\/wp-content\/uploads\/2024\/06\/LOGO-SONASP-FINAL-scaled.jpg","width":2560,"height":1219,"caption":"SONASP"},"image":{"@id":"https:\/\/sonasp.bf\/#\/schema\/logo\/image\/"},"sameAs":["https:\/\/web.facebook.com\/Sonaspre","https:\/\/www.linkedin.com\/company\/agence-nationale-d-encadrement-des-exploitations-minires-artisanales-et-semi-mcanises-aneemas\/"]}]}},"_links":{"self":[{"href":"https:\/\/sonasp.bf\/index.php?rest_route=\/wp\/v2\/pages\/974","targetHints":{"allow":["GET"]}}],"collection":[{"href":"https:\/\/sonasp.bf\/index.php?rest_route=\/wp\/v2\/pages"}],"about":[{"href":"https:\/\/sonasp.bf\/index.php?rest_route=\/wp\/v2\/types\/page"}],"author":[{"embeddable":true,"href":"https:\/\/sonasp.bf\/index.php?rest_route=\/wp\/v2\/users\/1"}],"replies":[{"embeddable":true,"href":"https:\/\/sonasp.bf\/index.php?rest_route=%2Fwp%2Fv2%2Fcomments&post=974"}],"version-history":[{"count":34,"href":"https:\/\/sonasp.bf\/index.php?rest_route=\/wp\/v2\/pages\/974\/revisions"}],"predecessor-version":[{"id":1985,"href":"https:\/\/sonasp.bf\/index.php?rest_route=\/wp\/v2\/pages\/974\/revisions\/1985"}],"wp:attachment":[{"href":"https:\/\/sonasp.bf\/index.php?rest_route=%2Fwp%2Fv2%2Fmedia&parent=974"}],"curies":[{"name":"wp","href":"https:\/\/api.w.org\/{rel}","templated":true}]}}