{"id":971,"date":"2024-06-25T15:56:29","date_gmt":"2024-06-25T13:56:29","guid":{"rendered":"https:\/\/sonasp.bf\/?page_id=971"},"modified":"2024-07-10T13:48:07","modified_gmt":"2024-07-10T11:48:07","slug":"qui-sommes-nous","status":"publish","type":"page","link":"https:\/\/sonasp.bf\/?page_id=971","title":{"rendered":"Qui sommes nous?"},"content":{"rendered":"\t\t<div data-elementor-type=\"wp-page\" data-elementor-id=\"971\" class=\"elementor elementor-971\" data-elementor-post-type=\"page\">\n\t\t\t\t<div class=\"elementor-element elementor-element-875737d e-flex e-con-boxed e-con e-parent\" data-id=\"875737d\" data-element_type=\"container\" data-settings=\"{&quot;background_background&quot;:&quot;classic&quot;}\">\n\t\t\t\t\t<div class=\"e-con-inner\">\n\t\t\t\t<div class=\"elementor-element elementor-element-6407109 elementor-widget elementor-widget-heading\" data-id=\"6407109\" data-element_type=\"widget\" data-widget_type=\"heading.default\">\n\t\t\t\t<div class=\"elementor-widget-container\">\n\t\t\t<h2 class=\"elementor-heading-title elementor-size-default\">Qui sommes nous?<\/h2>\t\t<\/div>\n\t\t\t\t<\/div>\n\t\t\t\t\t<\/div>\n\t\t\t\t<\/div>\n\t\t<div class=\"elementor-element elementor-element-2581c99e e-flex e-con-boxed e-con e-parent\" data-id=\"2581c99e\" data-element_type=\"container\" data-settings=\"{&quot;background_background&quot;:&quot;classic&quot;}\">\n\t\t\t\t\t<div class=\"e-con-inner\">\n\t\t<div class=\"elementor-element elementor-element-d492e18 e-con-full e-flex e-con e-child\" data-id=\"d492e18\" data-element_type=\"container\">\n\t\t\t\t<div class=\"elementor-element elementor-element-74618ed1 elementor-widget elementor-widget-image\" data-id=\"74618ed1\" data-element_type=\"widget\" data-widget_type=\"image.default\">\n\t\t\t\t<div class=\"elementor-widget-container\">\n\t\t\t\t\t\t\t\t\t\t\t\t\t<img fetchpriority=\"high\" decoding=\"async\" width=\"512\" height=\"512\" src=\"https:\/\/sonasp.bf\/wp-content\/uploads\/2024\/06\/cropped-ICONE-SONASP-1.png\" class=\"attachment-large size-large wp-image-572\" alt=\"\" srcset=\"https:\/\/sonasp.bf\/wp-content\/uploads\/2024\/06\/cropped-ICONE-SONASP-1.png 512w, https:\/\/sonasp.bf\/wp-content\/uploads\/2024\/06\/cropped-ICONE-SONASP-1-300x300.png 300w, https:\/\/sonasp.bf\/wp-content\/uploads\/2024\/06\/cropped-ICONE-SONASP-1-150x150.png 150w, https:\/\/sonasp.bf\/wp-content\/uploads\/2024\/06\/cropped-ICONE-SONASP-1-270x270.png 270w, https:\/\/sonasp.bf\/wp-content\/uploads\/2024\/06\/cropped-ICONE-SONASP-1-192x192.png 192w, https:\/\/sonasp.bf\/wp-content\/uploads\/2024\/06\/cropped-ICONE-SONASP-1-180x180.png 180w, https:\/\/sonasp.bf\/wp-content\/uploads\/2024\/06\/cropped-ICONE-SONASP-1-32x32.png 32w\" sizes=\"(max-width: 512px) 100vw, 512px\" \/>\t\t\t\t\t\t\t\t\t\t\t\t\t<\/div>\n\t\t\t\t<\/div>\n\t\t\t\t<\/div>\n\t\t<div class=\"elementor-element elementor-element-747bf97c e-con-full e-flex e-con e-child\" data-id=\"747bf97c\" data-element_type=\"container\">\n\t\t\t\t<div class=\"elementor-element elementor-element-567430ea elementor-invisible elementor-widget elementor-widget-heading\" data-id=\"567430ea\" data-element_type=\"widget\" data-settings=\"{&quot;_animation&quot;:&quot;fadeIn&quot;}\" data-widget_type=\"heading.default\">\n\t\t\t\t<div class=\"elementor-widget-container\">\n\t\t\t<h2 class=\"elementor-heading-title elementor-size-default\">SONASP<\/h2>\t\t<\/div>\n\t\t\t\t<\/div>\n\t\t\t\t<div class=\"elementor-element elementor-element-2748c43f elementor-widget__width-initial elementor-widget elementor-widget-text-editor\" data-id=\"2748c43f\" data-element_type=\"widget\" data-widget_type=\"text-editor.default\">\n\t\t\t\t<div class=\"elementor-widget-container\">\n\t\t\t\t\t\t\t<p>Il est cr\u00e9\u00e9 une soci\u00e9t\u00e9 d\u2019Etat d\u00e9nomm\u00e9e\u00a0<b>\u00ab\u00a0Soci\u00e9t\u00e9 Nationale des Substances Pr\u00e9cieuses\u00a0\u00bb\u00a0<\/b>en abr\u00e9g\u00e9<b>\u00a0\u00ab\u00a0SONASP \u00bb\u00a0<\/b>par transformation<b>\u00a0<\/b>de l\u2019Agence Nationale d\u2019Encadrement des Exploitations Mini\u00e8res Artisanales et Semi- m\u00e9canis\u00e9es (ANEEMAS).<\/p>\t\t\t\t\t\t<\/div>\n\t\t\t\t<\/div>\n\t\t\t\t<\/div>\n\t\t\t\t\t<\/div>\n\t\t\t\t<\/div>\n\t\t<div class=\"elementor-element elementor-element-94aa92e e-con-full e-flex e-con e-parent\" data-id=\"94aa92e\" data-element_type=\"container\" data-settings=\"{&quot;background_background&quot;:&quot;classic&quot;}\">\n\t\t<div class=\"elementor-element elementor-element-d38747d e-con-full e-flex e-con e-child\" data-id=\"d38747d\" data-element_type=\"container\" data-settings=\"{&quot;background_background&quot;:&quot;classic&quot;}\">\n\t\t\t\t<div class=\"elementor-element elementor-element-3e23608 animated-slow elementor-invisible elementor-widget elementor-widget-heading\" data-id=\"3e23608\" data-element_type=\"widget\" data-settings=\"{&quot;_animation&quot;:&quot;slideInUp&quot;}\" data-widget_type=\"heading.default\">\n\t\t\t\t<div class=\"elementor-widget-container\">\n\t\t\t<h2 class=\"elementor-heading-title elementor-size-default\">Nos missions<\/h2>\t\t<\/div>\n\t\t\t\t<\/div>\n\t\t<div class=\"elementor-element elementor-element-c1788e5 e-con-full e-flex e-con e-child\" data-id=\"c1788e5\" data-element_type=\"container\">\n\t\t\t\t<div class=\"elementor-element elementor-element-1e4977c elementor-widget-tablet__width-initial elementor-widget-mobile__width-initial elementor-widget__width-initial elementor-view-framed elementor-shape-circle elementor-position-top elementor-mobile-position-top elementor-widget elementor-widget-icon-box\" data-id=\"1e4977c\" data-element_type=\"widget\" data-widget_type=\"icon-box.default\">\n\t\t\t\t<div class=\"elementor-widget-container\">\n\t\t\t\t\t<div class=\"elementor-icon-box-wrapper\">\n\n\t\t\t\t\t\t<div class=\"elementor-icon-box-icon\">\n\t\t\t\t<span  class=\"elementor-icon elementor-animation-\">\n\t\t\t\t<svg aria-hidden=\"true\" class=\"e-font-icon-svg e-fas-comments-dollar\" viewBox=\"0 0 576 512\" xmlns=\"http:\/\/www.w3.org\/2000\/svg\"><path d=\"M416 192c0-88.37-93.12-160-208-160S0 103.63 0 192c0 34.27 14.13 65.95 37.97 91.98C24.61 314.22 2.52 338.16 2.2 338.5A7.995 7.995 0 0 0 8 352c36.58 0 66.93-12.25 88.73-24.98C128.93 342.76 167.02 352 208 352c114.88 0 208-71.63 208-160zm-224 96v-16.29c-11.29-.58-22.27-4.52-31.37-11.35-3.9-2.93-4.1-8.77-.57-12.14l11.75-11.21c2.77-2.64 6.89-2.76 10.13-.73 3.87 2.42 8.26 3.72 12.82 3.72h28.11c6.5 0 11.8-5.92 11.8-13.19 0-5.95-3.61-11.19-8.77-12.73l-45-13.5c-18.59-5.58-31.58-23.42-31.58-43.39 0-24.52 19.05-44.44 42.67-45.07V96c0-4.42 3.58-8 8-8h16c4.42 0 8 3.58 8 8v16.29c11.29.58 22.27 4.51 31.37 11.35 3.9 2.93 4.1 8.77.57 12.14l-11.75 11.21c-2.77 2.64-6.89 2.76-10.13.73-3.87-2.43-8.26-3.72-12.82-3.72h-28.11c-6.5 0-11.8 5.92-11.8 13.19 0 5.95 3.61 11.19 8.77 12.73l45 13.5c18.59 5.58 31.58 23.42 31.58 43.39 0 24.53-19.05 44.44-42.67 45.07V288c0 4.42-3.58 8-8 8h-16c-4.42 0-8-3.58-8-8zm346.01 123.99C561.87 385.96 576 354.27 576 320c0-66.94-53.49-124.2-129.33-148.07.86 6.6 1.33 13.29 1.33 20.07 0 105.87-107.66 192-240 192-10.78 0-21.32-.77-31.73-1.88C207.8 439.63 281.77 480 368 480c40.98 0 79.07-9.24 111.27-24.98C501.07 467.75 531.42 480 568 480c3.2 0 6.09-1.91 7.34-4.84 1.27-2.94.66-6.34-1.55-8.67-.31-.33-22.42-24.24-35.78-54.5z\"><\/path><\/svg>\t\t\t\t<\/span>\n\t\t\t<\/div>\n\t\t\t\n\t\t\t\t\t\t<div class=\"elementor-icon-box-content\">\n\n\t\t\t\t\t\t\t\t\t<h3 class=\"elementor-icon-box-title\">\n\t\t\t\t\t\t<span  >\n\t\t\t\t\t\t\tCommercialisation\t\t\t\t\t\t<\/span>\n\t\t\t\t\t<\/h3>\n\t\t\t\t\n\t\t\t\t\t\t\t\t\t<p class=\"elementor-icon-box-description\">\n\t\t\t\t\t\tCommercialiser l\u2019or et les autres substances pr\u00e9cieuses.\t\t\t\t\t<\/p>\n\t\t\t\t\n\t\t\t<\/div>\n\t\t\t\n\t\t<\/div>\n\t\t\t\t<\/div>\n\t\t\t\t<\/div>\n\t\t\t\t<div class=\"elementor-element elementor-element-9118c09 elementor-widget-tablet__width-initial elementor-widget-mobile__width-initial elementor-widget__width-initial elementor-view-framed elementor-shape-circle elementor-position-top elementor-mobile-position-top elementor-widget elementor-widget-icon-box\" data-id=\"9118c09\" data-element_type=\"widget\" data-widget_type=\"icon-box.default\">\n\t\t\t\t<div class=\"elementor-widget-container\">\n\t\t\t\t\t<div class=\"elementor-icon-box-wrapper\">\n\n\t\t\t\t\t\t<div class=\"elementor-icon-box-icon\">\n\t\t\t\t<span  class=\"elementor-icon elementor-animation-\">\n\t\t\t\t<svg aria-hidden=\"true\" class=\"e-font-icon-svg e-fas-hammer\" viewBox=\"0 0 576 512\" xmlns=\"http:\/\/www.w3.org\/2000\/svg\"><path d=\"M571.31 193.94l-22.63-22.63c-6.25-6.25-16.38-6.25-22.63 0l-11.31 11.31-28.9-28.9c5.63-21.31.36-44.9-16.35-61.61l-45.25-45.25c-62.48-62.48-163.79-62.48-226.28 0l90.51 45.25v18.75c0 16.97 6.74 33.25 18.75 45.25l49.14 49.14c16.71 16.71 40.3 21.98 61.61 16.35l28.9 28.9-11.31 11.31c-6.25 6.25-6.25 16.38 0 22.63l22.63 22.63c6.25 6.25 16.38 6.25 22.63 0l90.51-90.51c6.23-6.24 6.23-16.37-.02-22.62zm-286.72-15.2c-3.7-3.7-6.84-7.79-9.85-11.95L19.64 404.96c-25.57 23.88-26.26 64.19-1.53 88.93s65.05 24.05 88.93-1.53l238.13-255.07c-3.96-2.91-7.9-5.87-11.44-9.41l-49.14-49.14z\"><\/path><\/svg>\t\t\t\t<\/span>\n\t\t\t<\/div>\n\t\t\t\n\t\t\t\t\t\t<div class=\"elementor-icon-box-content\">\n\n\t\t\t\t\t\t\t\t\t<h3 class=\"elementor-icon-box-title\">\n\t\t\t\t\t\t<span  >\n\t\t\t\t\t\t\tTransformation\t\t\t\t\t\t<\/span>\n\t\t\t\t\t<\/h3>\n\t\t\t\t\n\t\t\t\t\t\t\t\t\t<p class=\"elementor-icon-box-description\">\n\t\t\t\t\t\tTransformer les substances pr\u00e9cieuses. \t\t\t\t\t<\/p>\n\t\t\t\t\n\t\t\t<\/div>\n\t\t\t\n\t\t<\/div>\n\t\t\t\t<\/div>\n\t\t\t\t<\/div>\n\t\t\t\t<div class=\"elementor-element elementor-element-bad5ac6 elementor-widget-tablet__width-initial elementor-widget-mobile__width-initial elementor-widget__width-initial elementor-view-framed elementor-shape-circle elementor-position-top elementor-mobile-position-top elementor-widget elementor-widget-icon-box\" data-id=\"bad5ac6\" data-element_type=\"widget\" data-widget_type=\"icon-box.default\">\n\t\t\t\t<div class=\"elementor-widget-container\">\n\t\t\t\t\t<div class=\"elementor-icon-box-wrapper\">\n\n\t\t\t\t\t\t<div class=\"elementor-icon-box-icon\">\n\t\t\t\t<span  class=\"elementor-icon elementor-animation-\">\n\t\t\t\t<svg aria-hidden=\"true\" class=\"e-font-icon-svg e-fas-brain\" viewBox=\"0 0 576 512\" xmlns=\"http:\/\/www.w3.org\/2000\/svg\"><path d=\"M208 0c-29.9 0-54.7 20.5-61.8 48.2-.8 0-1.4-.2-2.2-.2-35.3 0-64 28.7-64 64 0 4.8.6 9.5 1.7 14C52.5 138 32 166.6 32 200c0 12.6 3.2 24.3 8.3 34.9C16.3 248.7 0 274.3 0 304c0 33.3 20.4 61.9 49.4 73.9-.9 4.6-1.4 9.3-1.4 14.1 0 39.8 32.2 72 72 72 4.1 0 8.1-.5 12-1.2 9.6 28.5 36.2 49.2 68 49.2 39.8 0 72-32.2 72-72V64c0-35.3-28.7-64-64-64zm368 304c0-29.7-16.3-55.3-40.3-69.1 5.2-10.6 8.3-22.3 8.3-34.9 0-33.4-20.5-62-49.7-74 1-4.5 1.7-9.2 1.7-14 0-35.3-28.7-64-64-64-.8 0-1.5.2-2.2.2C422.7 20.5 397.9 0 368 0c-35.3 0-64 28.6-64 64v376c0 39.8 32.2 72 72 72 31.8 0 58.4-20.7 68-49.2 3.9.7 7.9 1.2 12 1.2 39.8 0 72-32.2 72-72 0-4.8-.5-9.5-1.4-14.1 29-12 49.4-40.6 49.4-73.9z\"><\/path><\/svg>\t\t\t\t<\/span>\n\t\t\t<\/div>\n\t\t\t\n\t\t\t\t\t\t<div class=\"elementor-icon-box-content\">\n\n\t\t\t\t\t\t\t\t\t<h3 class=\"elementor-icon-box-title\">\n\t\t\t\t\t\t<span  >\n\t\t\t\t\t\t\tExploitation\t\t\t\t\t\t<\/span>\n\t\t\t\t\t<\/h3>\n\t\t\t\t\n\t\t\t\t\t\t\t\t\t<p class=\"elementor-icon-box-description\">\n\t\t\t\t\t\tMener des activit\u00e9s d'exploitation de substances pr\u00e9cieuses.\t\t\t\t\t<\/p>\n\t\t\t\t\n\t\t\t<\/div>\n\t\t\t\n\t\t<\/div>\n\t\t\t\t<\/div>\n\t\t\t\t<\/div>\n\t\t\t\t<div class=\"elementor-element elementor-element-8803094 elementor-widget-tablet__width-initial elementor-widget-mobile__width-initial elementor-widget__width-initial elementor-view-framed elementor-shape-circle elementor-position-top elementor-mobile-position-top elementor-widget elementor-widget-icon-box\" data-id=\"8803094\" data-element_type=\"widget\" data-widget_type=\"icon-box.default\">\n\t\t\t\t<div class=\"elementor-widget-container\">\n\t\t\t\t\t<div class=\"elementor-icon-box-wrapper\">\n\n\t\t\t\t\t\t<div class=\"elementor-icon-box-icon\">\n\t\t\t\t<span  class=\"elementor-icon elementor-animation-\">\n\t\t\t\t<svg aria-hidden=\"true\" class=\"e-font-icon-svg e-fas-microscope\" viewBox=\"0 0 512 512\" xmlns=\"http:\/\/www.w3.org\/2000\/svg\"><path d=\"M160 320h12v16c0 8.84 7.16 16 16 16h40c8.84 0 16-7.16 16-16v-16h12c17.67 0 32-14.33 32-32V64c0-17.67-14.33-32-32-32V16c0-8.84-7.16-16-16-16h-64c-8.84 0-16 7.16-16 16v16c-17.67 0-32 14.33-32 32v224c0 17.67 14.33 32 32 32zm304 128h-1.29C493.24 413.99 512 369.2 512 320c0-105.88-86.12-192-192-192v64c70.58 0 128 57.42 128 128s-57.42 128-128 128H48c-26.51 0-48 21.49-48 48 0 8.84 7.16 16 16 16h480c8.84 0 16-7.16 16-16 0-26.51-21.49-48-48-48zm-360-32h208c4.42 0 8-3.58 8-8v-16c0-4.42-3.58-8-8-8H104c-4.42 0-8 3.58-8 8v16c0 4.42 3.58 8 8 8z\"><\/path><\/svg>\t\t\t\t<\/span>\n\t\t\t<\/div>\n\t\t\t\n\t\t\t\t\t\t<div class=\"elementor-icon-box-content\">\n\n\t\t\t\t\t\t\t\t\t<h3 class=\"elementor-icon-box-title\">\n\t\t\t\t\t\t<span  >\n\t\t\t\t\t\t\tAffinage\t\t\t\t\t\t<\/span>\n\t\t\t\t\t<\/h3>\n\t\t\t\t\n\t\t\t\t\t\t\t\t\t<p class=\"elementor-icon-box-description\">\n\t\t\t\t\t\tR\u00e9aliser des op\u00e9rations d\u2019affinage d\u2019or.\t\t\t\t\t<\/p>\n\t\t\t\t\n\t\t\t<\/div>\n\t\t\t\n\t\t<\/div>\n\t\t\t\t<\/div>\n\t\t\t\t<\/div>\n\t\t\t\t<\/div>\n\t\t\t\t<\/div>\n\t\t\t\t<\/div>\n\t\t<div class=\"elementor-element elementor-element-ed2dcf7 e-flex e-con-boxed e-con e-parent\" data-id=\"ed2dcf7\" data-element_type=\"container\">\n\t\t\t\t\t<div class=\"e-con-inner\">\n\t\t\t\t\t<\/div>\n\t\t\t\t<\/div>\n\t\t\t\t<\/div>\n\t\t","protected":false},"excerpt":{"rendered":"<p>Qui sommes nous? SONASP Il est cr\u00e9\u00e9 une soci\u00e9t\u00e9 d\u2019Etat d\u00e9nomm\u00e9e\u00a0\u00ab\u00a0Soci\u00e9t\u00e9 Nationale des Substances Pr\u00e9cieuses\u00a0\u00bb\u00a0en abr\u00e9g\u00e9\u00a0\u00ab\u00a0SONASP \u00bb\u00a0par transformation\u00a0de l\u2019Agence Nationale [&hellip;]<\/p>\n","protected":false},"author":1,"featured_media":0,"parent":0,"menu_order":0,"comment_status":"closed","ping_status":"closed","template":"","meta":{"site-sidebar-layout":"no-sidebar","site-content-layout":"","ast-site-content-layout":"full-width-container","site-content-style":"default","site-sidebar-style":"default","ast-global-header-display":"","ast-banner-title-visibility":"","ast-main-header-display":"","ast-hfb-above-header-display":"","ast-hfb-below-header-display":"","ast-hfb-mobile-header-display":"","site-post-title":"disabled","ast-breadcrumbs-content":"","ast-featured-img":"disabled","footer-sml-layout":"","theme-transparent-header-meta":"","adv-header-id-meta":"","stick-header-meta":"","header-above-stick-meta":"","header-main-stick-meta":"","header-below-stick-meta":"","astra-migrate-meta-layouts":"default","ast-page-background-enabled":"default","ast-page-background-meta":{"desktop":{"background-color":"var(--ast-global-color-4)","background-image":"","background-repeat":"repeat","background-position":"center center","background-size":"auto","background-attachment":"scroll","background-type":"","background-media":"","overlay-type":"","overlay-color":"","overlay-opacity":"","overlay-gradient":""},"tablet":{"background-color":"","background-image":"","background-repeat":"repeat","background-position":"center center","background-size":"auto","background-attachment":"scroll","background-type":"","background-media":"","overlay-type":"","overlay-color":"","overlay-opacity":"","overlay-gradient":""},"mobile":{"background-color":"","background-image":"","background-repeat":"repeat","background-position":"center center","background-size":"auto","background-attachment":"scroll","background-type":"","background-media":"","overlay-type":"","overlay-color":"","overlay-opacity":"","overlay-gradient":""}},"ast-content-background-meta":{"desktop":{"background-color":"var(--ast-global-color-5)","background-image":"","background-repeat":"repeat","background-position":"center center","background-size":"auto","background-attachment":"scroll","background-type":"","background-media":"","overlay-type":"","overlay-color":"","overlay-opacity":"","overlay-gradient":""},"tablet":{"background-color":"var(--ast-global-color-5)","background-image":"","background-repeat":"repeat","background-position":"center center","background-size":"auto","background-attachment":"scroll","background-type":"","background-media":"","overlay-type":"","overlay-color":"","overlay-opacity":"","overlay-gradient":""},"mobile":{"background-color":"var(--ast-global-color-5)","background-image":"","background-repeat":"repeat","background-position":"center center","background-size":"auto","background-attachment":"scroll","background-type":"","background-media":"","overlay-type":"","overlay-color":"","overlay-opacity":"","overlay-gradient":""}},"footnotes":""},"class_list":["post-971","page","type-page","status-publish","hentry"],"yoast_head":"<!-- This site is optimized with the Yoast SEO plugin v24.0 - https:\/\/yoast.com\/wordpress\/plugins\/seo\/ -->\n<title>Qui sommes nous? &#8211; SONASP<\/title>\n<meta name=\"robots\" content=\"index, follow, max-snippet:-1, max-image-preview:large, max-video-preview:-1\" \/>\n<link rel=\"canonical\" href=\"https:\/\/sonasp.bf\/?page_id=971\" \/>\n<meta property=\"og:locale\" content=\"fr_FR\" \/>\n<meta property=\"og:type\" content=\"article\" \/>\n<meta property=\"og:title\" content=\"Qui sommes nous? &#8211; SONASP\" \/>\n<meta property=\"og:description\" content=\"Qui sommes nous? SONASP Il est cr\u00e9\u00e9 une soci\u00e9t\u00e9 d\u2019Etat d\u00e9nomm\u00e9e\u00a0\u00ab\u00a0Soci\u00e9t\u00e9 Nationale des Substances Pr\u00e9cieuses\u00a0\u00bb\u00a0en abr\u00e9g\u00e9\u00a0\u00ab\u00a0SONASP \u00bb\u00a0par transformation\u00a0de l\u2019Agence Nationale [&hellip;]\" \/>\n<meta property=\"og:url\" content=\"https:\/\/sonasp.bf\/?page_id=971\" \/>\n<meta property=\"og:site_name\" content=\"SONASP\" \/>\n<meta property=\"article:publisher\" content=\"https:\/\/web.facebook.com\/Sonaspre\" \/>\n<meta property=\"article:modified_time\" content=\"2024-07-10T11:48:07+00:00\" \/>\n<meta property=\"og:image\" content=\"https:\/\/sonasp.bf\/wp-content\/uploads\/2024\/06\/cropped-ICONE-SONASP-1.png\" \/>\n<meta name=\"twitter:card\" content=\"summary_large_image\" \/>\n<meta name=\"twitter:label1\" content=\"Dur\u00e9e de lecture estim\u00e9e\" \/>\n\t<meta name=\"twitter:data1\" content=\"1 minute\" \/>\n<script type=\"application\/ld+json\" class=\"yoast-schema-graph\">{\"@context\":\"https:\/\/schema.org\",\"@graph\":[{\"@type\":\"WebPage\",\"@id\":\"https:\/\/sonasp.bf\/?page_id=971\",\"url\":\"https:\/\/sonasp.bf\/?page_id=971\",\"name\":\"Qui sommes nous? &#8211; SONASP\",\"isPartOf\":{\"@id\":\"https:\/\/sonasp.bf\/#website\"},\"primaryImageOfPage\":{\"@id\":\"https:\/\/sonasp.bf\/?page_id=971#primaryimage\"},\"image\":{\"@id\":\"https:\/\/sonasp.bf\/?page_id=971#primaryimage\"},\"thumbnailUrl\":\"https:\/\/sonasp.bf\/wp-content\/uploads\/2024\/06\/cropped-ICONE-SONASP-1.png\",\"datePublished\":\"2024-06-25T13:56:29+00:00\",\"dateModified\":\"2024-07-10T11:48:07+00:00\",\"breadcrumb\":{\"@id\":\"https:\/\/sonasp.bf\/?page_id=971#breadcrumb\"},\"inLanguage\":\"fr-FR\",\"potentialAction\":[{\"@type\":\"ReadAction\",\"target\":[\"https:\/\/sonasp.bf\/?page_id=971\"]}]},{\"@type\":\"ImageObject\",\"inLanguage\":\"fr-FR\",\"@id\":\"https:\/\/sonasp.bf\/?page_id=971#primaryimage\",\"url\":\"https:\/\/sonasp.bf\/wp-content\/uploads\/2024\/06\/cropped-ICONE-SONASP-1.png\",\"contentUrl\":\"https:\/\/sonasp.bf\/wp-content\/uploads\/2024\/06\/cropped-ICONE-SONASP-1.png\",\"width\":512,\"height\":512},{\"@type\":\"BreadcrumbList\",\"@id\":\"https:\/\/sonasp.bf\/?page_id=971#breadcrumb\",\"itemListElement\":[{\"@type\":\"ListItem\",\"position\":1,\"name\":\"Accueil\",\"item\":\"https:\/\/sonasp.bf\/\"},{\"@type\":\"ListItem\",\"position\":2,\"name\":\"Qui sommes nous?\"}]},{\"@type\":\"WebSite\",\"@id\":\"https:\/\/sonasp.bf\/#website\",\"url\":\"https:\/\/sonasp.bf\/\",\"name\":\"SONASP\",\"description\":\"Soci\u00e9t\u00e9 Nationale des Substances Pr\u00e9cieuses\",\"publisher\":{\"@id\":\"https:\/\/sonasp.bf\/#organization\"},\"potentialAction\":[{\"@type\":\"SearchAction\",\"target\":{\"@type\":\"EntryPoint\",\"urlTemplate\":\"https:\/\/sonasp.bf\/?s={search_term_string}\"},\"query-input\":{\"@type\":\"PropertyValueSpecification\",\"valueRequired\":true,\"valueName\":\"search_term_string\"}}],\"inLanguage\":\"fr-FR\"},{\"@type\":\"Organization\",\"@id\":\"https:\/\/sonasp.bf\/#organization\",\"name\":\"SONASP\",\"url\":\"https:\/\/sonasp.bf\/\",\"logo\":{\"@type\":\"ImageObject\",\"inLanguage\":\"fr-FR\",\"@id\":\"https:\/\/sonasp.bf\/#\/schema\/logo\/image\/\",\"url\":\"https:\/\/sonasp.bf\/wp-content\/uploads\/2024\/06\/LOGO-SONASP-FINAL-scaled.jpg\",\"contentUrl\":\"https:\/\/sonasp.bf\/wp-content\/uploads\/2024\/06\/LOGO-SONASP-FINAL-scaled.jpg\",\"width\":2560,\"height\":1219,\"caption\":\"SONASP\"},\"image\":{\"@id\":\"https:\/\/sonasp.bf\/#\/schema\/logo\/image\/\"},\"sameAs\":[\"https:\/\/web.facebook.com\/Sonaspre\",\"https:\/\/www.linkedin.com\/company\/agence-nationale-d-encadrement-des-exploitations-minires-artisanales-et-semi-mcanises-aneemas\/\"]}]}<\/script>\n<!-- \/ Yoast SEO plugin. -->","yoast_head_json":{"title":"Qui sommes nous? &#8211; SONASP","robots":{"index":"index","follow":"follow","max-snippet":"max-snippet:-1","max-image-preview":"max-image-preview:large","max-video-preview":"max-video-preview:-1"},"canonical":"https:\/\/sonasp.bf\/?page_id=971","og_locale":"fr_FR","og_type":"article","og_title":"Qui sommes nous? &#8211; SONASP","og_description":"Qui sommes nous? SONASP Il est cr\u00e9\u00e9 une soci\u00e9t\u00e9 d\u2019Etat d\u00e9nomm\u00e9e\u00a0\u00ab\u00a0Soci\u00e9t\u00e9 Nationale des Substances Pr\u00e9cieuses\u00a0\u00bb\u00a0en abr\u00e9g\u00e9\u00a0\u00ab\u00a0SONASP \u00bb\u00a0par transformation\u00a0de l\u2019Agence Nationale [&hellip;]","og_url":"https:\/\/sonasp.bf\/?page_id=971","og_site_name":"SONASP","article_publisher":"https:\/\/web.facebook.com\/Sonaspre","article_modified_time":"2024-07-10T11:48:07+00:00","og_image":[{"url":"https:\/\/sonasp.bf\/wp-content\/uploads\/2024\/06\/cropped-ICONE-SONASP-1.png","type":"","width":"","height":""}],"twitter_card":"summary_large_image","twitter_misc":{"Dur\u00e9e de lecture estim\u00e9e":"1 minute"},"schema":{"@context":"https:\/\/schema.org","@graph":[{"@type":"WebPage","@id":"https:\/\/sonasp.bf\/?page_id=971","url":"https:\/\/sonasp.bf\/?page_id=971","name":"Qui sommes nous? &#8211; SONASP","isPartOf":{"@id":"https:\/\/sonasp.bf\/#website"},"primaryImageOfPage":{"@id":"https:\/\/sonasp.bf\/?page_id=971#primaryimage"},"image":{"@id":"https:\/\/sonasp.bf\/?page_id=971#primaryimage"},"thumbnailUrl":"https:\/\/sonasp.bf\/wp-content\/uploads\/2024\/06\/cropped-ICONE-SONASP-1.png","datePublished":"2024-06-25T13:56:29+00:00","dateModified":"2024-07-10T11:48:07+00:00","breadcrumb":{"@id":"https:\/\/sonasp.bf\/?page_id=971#breadcrumb"},"inLanguage":"fr-FR","potentialAction":[{"@type":"ReadAction","target":["https:\/\/sonasp.bf\/?page_id=971"]}]},{"@type":"ImageObject","inLanguage":"fr-FR","@id":"https:\/\/sonasp.bf\/?page_id=971#primaryimage","url":"https:\/\/sonasp.bf\/wp-content\/uploads\/2024\/06\/cropped-ICONE-SONASP-1.png","contentUrl":"https:\/\/sonasp.bf\/wp-content\/uploads\/2024\/06\/cropped-ICONE-SONASP-1.png","width":512,"height":512},{"@type":"BreadcrumbList","@id":"https:\/\/sonasp.bf\/?page_id=971#breadcrumb","itemListElement":[{"@type":"ListItem","position":1,"name":"Accueil","item":"https:\/\/sonasp.bf\/"},{"@type":"ListItem","position":2,"name":"Qui sommes nous?"}]},{"@type":"WebSite","@id":"https:\/\/sonasp.bf\/#website","url":"https:\/\/sonasp.bf\/","name":"SONASP","description":"Soci\u00e9t\u00e9 Nationale des Substances Pr\u00e9cieuses","publisher":{"@id":"https:\/\/sonasp.bf\/#organization"},"potentialAction":[{"@type":"SearchAction","target":{"@type":"EntryPoint","urlTemplate":"https:\/\/sonasp.bf\/?s={search_term_string}"},"query-input":{"@type":"PropertyValueSpecification","valueRequired":true,"valueName":"search_term_string"}}],"inLanguage":"fr-FR"},{"@type":"Organization","@id":"https:\/\/sonasp.bf\/#organization","name":"SONASP","url":"https:\/\/sonasp.bf\/","logo":{"@type":"ImageObject","inLanguage":"fr-FR","@id":"https:\/\/sonasp.bf\/#\/schema\/logo\/image\/","url":"https:\/\/sonasp.bf\/wp-content\/uploads\/2024\/06\/LOGO-SONASP-FINAL-scaled.jpg","contentUrl":"https:\/\/sonasp.bf\/wp-content\/uploads\/2024\/06\/LOGO-SONASP-FINAL-scaled.jpg","width":2560,"height":1219,"caption":"SONASP"},"image":{"@id":"https:\/\/sonasp.bf\/#\/schema\/logo\/image\/"},"sameAs":["https:\/\/web.facebook.com\/Sonaspre","https:\/\/www.linkedin.com\/company\/agence-nationale-d-encadrement-des-exploitations-minires-artisanales-et-semi-mcanises-aneemas\/"]}]}},"_links":{"self":[{"href":"https:\/\/sonasp.bf\/index.php?rest_route=\/wp\/v2\/pages\/971","targetHints":{"allow":["GET"]}}],"collection":[{"href":"https:\/\/sonasp.bf\/index.php?rest_route=\/wp\/v2\/pages"}],"about":[{"href":"https:\/\/sonasp.bf\/index.php?rest_route=\/wp\/v2\/types\/page"}],"author":[{"embeddable":true,"href":"https:\/\/sonasp.bf\/index.php?rest_route=\/wp\/v2\/users\/1"}],"replies":[{"embeddable":true,"href":"https:\/\/sonasp.bf\/index.php?rest_route=%2Fwp%2Fv2%2Fcomments&post=971"}],"version-history":[{"count":91,"href":"https:\/\/sonasp.bf\/index.php?rest_route=\/wp\/v2\/pages\/971\/revisions"}],"predecessor-version":[{"id":1728,"href":"https:\/\/sonasp.bf\/index.php?rest_route=\/wp\/v2\/pages\/971\/revisions\/1728"}],"wp:attachment":[{"href":"https:\/\/sonasp.bf\/index.php?rest_route=%2Fwp%2Fv2%2Fmedia&parent=971"}],"curies":[{"name":"wp","href":"https:\/\/api.w.org\/{rel}","templated":true}]}}