{"id":950,"date":"2024-06-25T15:49:58","date_gmt":"2024-06-25T13:49:58","guid":{"rendered":"https:\/\/sonasp.bf\/?page_id=950"},"modified":"2024-07-10T15:18:16","modified_gmt":"2024-07-10T13:18:16","slug":"documentation","status":"publish","type":"page","link":"https:\/\/sonasp.bf\/?page_id=950","title":{"rendered":"Documentation"},"content":{"rendered":"\t\t<div data-elementor-type=\"wp-page\" data-elementor-id=\"950\" class=\"elementor elementor-950\" data-elementor-post-type=\"page\">\n\t\t\t\t<div class=\"elementor-element elementor-element-ae28460 e-con-full e-flex e-con e-parent\" data-id=\"ae28460\" data-element_type=\"container\" data-settings=\"{&quot;background_background&quot;:&quot;classic&quot;}\">\n\t\t\t\t<div class=\"elementor-element elementor-element-1f29984 elementor-widget elementor-widget-heading\" data-id=\"1f29984\" data-element_type=\"widget\" data-widget_type=\"heading.default\">\n\t\t\t\t<div class=\"elementor-widget-container\">\n\t\t\t<h2 class=\"elementor-heading-title elementor-size-default\">Documentations<\/h2>\t\t<\/div>\n\t\t\t\t<\/div>\n\t\t\t\t<\/div>\n\t\t<div class=\"elementor-element elementor-element-69affa62 e-con-full e-flex e-con e-parent\" data-id=\"69affa62\" data-element_type=\"container\" data-settings=\"{&quot;background_background&quot;:&quot;classic&quot;}\">\n\t\t<div class=\"elementor-element elementor-element-26bcf0cf e-con-full e-flex e-con e-child\" data-id=\"26bcf0cf\" data-element_type=\"container\">\n\t\t\t\t<div class=\"elementor-element elementor-element-7a00108 animated-slow elementor-invisible elementor-widget elementor-widget-heading\" data-id=\"7a00108\" data-element_type=\"widget\" data-settings=\"{&quot;_animation&quot;:&quot;slideInUp&quot;}\" data-widget_type=\"heading.default\">\n\t\t\t\t<div class=\"elementor-widget-container\">\n\t\t\t<h2 class=\"elementor-heading-title elementor-size-default\">Lois et <BR>\nD\u00e9crets<\/h2>\t\t<\/div>\n\t\t\t\t<\/div>\n\t\t\t\t<\/div>\n\t\t\t\t<div class=\"elementor-element elementor-element-3bc08428 elementor-widget__width-initial elementor-widget elementor-widget-toggle\" data-id=\"3bc08428\" data-element_type=\"widget\" data-widget_type=\"toggle.default\">\n\t\t\t\t<div class=\"elementor-widget-container\">\n\t\t\t\t\t<div class=\"elementor-toggle\">\n\t\t\t\t\t\t\t<div class=\"elementor-toggle-item\">\n\t\t\t\t\t<h3 id=\"elementor-tab-title-1001\" class=\"elementor-tab-title\" data-tab=\"1\" role=\"button\" aria-controls=\"elementor-tab-content-1001\" aria-expanded=\"false\">\n\t\t\t\t\t\t\t\t\t\t\t\t<span class=\"elementor-toggle-icon elementor-toggle-icon-right\" aria-hidden=\"true\">\n\t\t\t\t\t\t\t\t\t\t\t\t\t\t\t<span class=\"elementor-toggle-icon-closed\"><svg class=\"e-font-icon-svg e-fas-plus\" viewBox=\"0 0 448 512\" xmlns=\"http:\/\/www.w3.org\/2000\/svg\"><path d=\"M416 208H272V64c0-17.67-14.33-32-32-32h-32c-17.67 0-32 14.33-32 32v144H32c-17.67 0-32 14.33-32 32v32c0 17.67 14.33 32 32 32h144v144c0 17.67 14.33 32 32 32h32c17.67 0 32-14.33 32-32V304h144c17.67 0 32-14.33 32-32v-32c0-17.67-14.33-32-32-32z\"><\/path><\/svg><\/span>\n\t\t\t\t\t\t\t\t<span class=\"elementor-toggle-icon-opened\"><svg class=\"elementor-toggle-icon-opened e-font-icon-svg e-fas-minus\" viewBox=\"0 0 448 512\" xmlns=\"http:\/\/www.w3.org\/2000\/svg\"><path d=\"M416 208H32c-17.67 0-32 14.33-32 32v32c0 17.67 14.33 32 32 32h384c17.67 0 32-14.33 32-32v-32c0-17.67-14.33-32-32-32z\"><\/path><\/svg><\/span>\n\t\t\t\t\t\t\t\t\t\t\t\t\t<\/span>\n\t\t\t\t\t\t\t\t\t\t\t\t<a class=\"elementor-toggle-title\" tabindex=\"0\">Lois<\/a>\n\t\t\t\t\t<\/h3>\n\n\t\t\t\t\t<div id=\"elementor-tab-content-1001\" class=\"elementor-tab-content elementor-clearfix\" data-tab=\"1\" role=\"region\" aria-labelledby=\"elementor-tab-title-1001\"><ol><li><a href=\"https:\/\/sonasp.bf\/wp-content\/uploads\/2024\/06\/Loi-051-2018-portant-regime-des-substances-explosives.pdf\">Loi-051-2018-portant-regime-des-substances-explosives<\/a><\/li><li><a href=\"https:\/\/sonasp.bf\/wp-content\/uploads\/2024\/06\/Loi-036-2015-AN-du-16-juin-2015-portant-code-minier-du-Burkina-Faso.pdf\">Loi-036-2015-AN-du-16-juin-2015-portant-code-minier-du-Burkina-Faso<\/a><\/li><li><a href=\"https:\/\/sonasp.bf\/wp-content\/uploads\/2024\/06\/Loi-028-2017-AN-du-18-mai-2017-portant-organisation-de-la-commercialisation.pdf\">Loi-028-2017-AN-du-18-mai-2017-portant-organisation-de-la-commercialisation<\/a><\/li><\/ol><\/div>\n\t\t\t\t<\/div>\n\t\t\t\t\t\t\t<div class=\"elementor-toggle-item\">\n\t\t\t\t\t<h3 id=\"elementor-tab-title-1002\" class=\"elementor-tab-title\" data-tab=\"2\" role=\"button\" aria-controls=\"elementor-tab-content-1002\" aria-expanded=\"false\">\n\t\t\t\t\t\t\t\t\t\t\t\t<span class=\"elementor-toggle-icon elementor-toggle-icon-right\" aria-hidden=\"true\">\n\t\t\t\t\t\t\t\t\t\t\t\t\t\t\t<span class=\"elementor-toggle-icon-closed\"><svg class=\"e-font-icon-svg e-fas-plus\" viewBox=\"0 0 448 512\" xmlns=\"http:\/\/www.w3.org\/2000\/svg\"><path d=\"M416 208H272V64c0-17.67-14.33-32-32-32h-32c-17.67 0-32 14.33-32 32v144H32c-17.67 0-32 14.33-32 32v32c0 17.67 14.33 32 32 32h144v144c0 17.67 14.33 32 32 32h32c17.67 0 32-14.33 32-32V304h144c17.67 0 32-14.33 32-32v-32c0-17.67-14.33-32-32-32z\"><\/path><\/svg><\/span>\n\t\t\t\t\t\t\t\t<span class=\"elementor-toggle-icon-opened\"><svg class=\"elementor-toggle-icon-opened e-font-icon-svg e-fas-minus\" viewBox=\"0 0 448 512\" xmlns=\"http:\/\/www.w3.org\/2000\/svg\"><path d=\"M416 208H32c-17.67 0-32 14.33-32 32v32c0 17.67 14.33 32 32 32h384c17.67 0 32-14.33 32-32v-32c0-17.67-14.33-32-32-32z\"><\/path><\/svg><\/span>\n\t\t\t\t\t\t\t\t\t\t\t\t\t<\/span>\n\t\t\t\t\t\t\t\t\t\t\t\t<a class=\"elementor-toggle-title\" tabindex=\"0\">D\u00e9crets<\/a>\n\t\t\t\t\t<\/h3>\n\n\t\t\t\t\t<div id=\"elementor-tab-content-1002\" class=\"elementor-tab-content elementor-clearfix\" data-tab=\"2\" role=\"region\" aria-labelledby=\"elementor-tab-title-1002\"><ol><li><a href=\"https:\/\/sonasp.bf\/wp-content\/uploads\/2024\/06\/DECRET-2017-0024-Fonds-Minier-de-Developpement-Local.pdf\">DECRET-2017-0024-Fonds-Minier-de-Developpement-Local<\/a><\/li><li><a href=\"https:\/\/sonasp.bf\/wp-content\/uploads\/2024\/06\/Decret-2017-0047-du-1er-fevrier-2017-portant-fonds-de-rehabilitation-et-de-securisation-des-sites-artisanaux.pdf\">Decret-2017-0047-du-1er-fevrier-2017-portant-fonds-de-rehabilitation-et-de-securisation-des-sites-artisanaux<\/a><\/li><li><a href=\"https:\/\/sonasp.bf\/wp-content\/uploads\/2024\/06\/Decret-2015-1517-Statuts-particuliers-ANEEMAS.pdf\" target=\"_blank\" rel=\"noopener\">Decret-2015-1517-Statuts-particuliers-ANEEMAS<\/a><\/li><li><a href=\"https:\/\/sonasp.bf\/wp-content\/uploads\/2024\/06\/Decret-2015-1420-creation-ANEEMAS.pdf\" target=\"_blank\" rel=\"noopener\">Decret-2015-1420-creation-ANEEMAS<\/a><\/li><li><a href=\"https:\/\/sonasp.bf\/wp-content\/uploads\/2024\/06\/DECRET-2017-0023-Taxes-et-redevances-minieres.pdf\">DECRET-2017-0023-Taxes-et-redevances-minieres<\/a><\/li><li><a href=\"https:\/\/sonasp.bf\/wp-content\/uploads\/2024\/06\/DECRET-2017-0024-Fonds-Minier-de-Developpement-Local-1.pdf\">DECRET-2017-0024-Fonds-Minier-de-Developpement-Local-1<\/a><\/li><li><a href=\"https:\/\/sonasp.bf\/wp-content\/uploads\/2024\/06\/DECRET-2017-0034-du-26-janvier-2017-portant-organisation-fonctionnement-et-perception-Fonds-de-financement-recherche-et-formation.pdf\" target=\"_blank\" rel=\"noopener\">DECRET-2017-0034-du-26-janvier-2017-portant-organisation-fonctionnement-et-perception-Fonds-de-financement-recherche-et-formation<\/a><\/li><li><a href=\"https:\/\/sonasp.bf\/wp-content\/uploads\/2024\/06\/Decret-75-010-du-10-janvier-1975-portant-conditions-administratives-sur-les-substances-explosives.pdf\">Decret-75-010-du-10-janvier-1975-portant-conditions-administratives-sur-les-substances-explosives<\/a><\/li><li><a href=\"https:\/\/sonasp.bf\/wp-content\/uploads\/2024\/06\/Decret-79-009-du-10-janvier-1975-portant-conditions-techniques-sur-les-substances-explosives.pdf\">Decret-79-009-du-10-janvier-1975-portant-conditions-techniques-sur-les-substances-explosives<\/a><\/li><li><a href=\"https:\/\/sonasp.bf\/wp-content\/uploads\/2024\/06\/Decret-79-175-du-9-mai-1979-portant-reglementation-de-la-fabrication-et-de-la-vente-des-ouvrages-en-or.pdf\">Decret-79-175-du-9-mai-1979-portant-reglementation-de-la-fabrication-et-de-la-vente-des-ouvrages-en-or<\/a><\/li><li><a href=\"https:\/\/sonasp.bf\/wp-content\/uploads\/2024\/06\/Decret_2007-853-du-26-decembre-2007-portant-dispositions-reglementaires-environnementales-particulieres-pour-lexercice-de-lactivite-miniere-au-BF.pdf\">Decret_2007-853-du-26-decembre-2007-portant-dispositions-reglementaires-environnementales-particulieres-pour-lexercice-de-lactivite-miniere-au-BF<\/a><\/li><li><a href=\"https:\/\/sonasp.bf\/wp-content\/uploads\/2024\/06\/Decret_2007-884-du-31-decembre-2007-portant-utilisation-transport-conservation-des-substances-explosives-a-usage-civil.pdf\">Decret_2007-884-du-31-decembre-2007-portant-utilisation-transport-conservation-des-substances-explosives-a-usage-civil<\/a><\/li><li><a href=\"https:\/\/sonasp.bf\/wp-content\/uploads\/2024\/06\/Decret_2007-901du-31-decembre-2007-portant-securite-et-sante-au-travail-dans-les-mines-et-carrieres.pdf\">Decret_2007-901du-31-decembre-2007-portant-securite-et-sante-au-travail-dans-les-mines-et-carrieres<\/a><\/li><li><a href=\"https:\/\/sonasp.bf\/wp-content\/uploads\/2024\/06\/DECRET-2017-0036-du-26-janvier-2017-portant-gestion-des-titres-miniers-et-autorisations.pdf\">DECRET-2017-0036-du-26-janvier-2017-portant-gestion-des-titres-miniers-et-autorisations<\/a><\/li><li><a href=\"https:\/\/sonasp.bf\/wp-content\/uploads\/2024\/06\/Decret-2017-0047-du-1er-fevrier-2017-portant-fonds-de-rehabilitation-et-de-securisation-des-sites-artisanaux-1.pdf\">Decret-2017-0047-du-1er-fevrier-2017-portant-fonds-de-rehabilitation-et-de-securisation-des-sites-artisanaux (1)<\/a><\/li><li><a href=\"https:\/\/sonasp.bf\/wp-content\/uploads\/2024\/06\/Decret-2018-249-du-29-mars-2018-portant-condition-doctroi-agrement-pour-la-commercialisation-de-lor.pdf\">Decret-2018-249-du-29-mars-2018-portant-condition-doctroi-agrement-pour-la-commercialisation-de-lor<\/a><\/li><li><a href=\"https:\/\/sonasp.bf\/wp-content\/uploads\/2024\/06\/Decret-2018-1017-du-16-novembre-2018-portant-organisation-des-exploitations-artisanales.pdf\">Decret-2018-1017-du-16-novembre-2018-portant-organisation-des-exploitations-artisanales<\/a><\/li><li><a href=\"https:\/\/sonasp.bf\/wp-content\/uploads\/2024\/06\/DECRET-N\u00b02018-0960-Portant-quantites-maximales-dor-brut-en-possession-ou-en-detention.pdf\">DECRET-N\u00b02018-0960-Portant-quantites-maximales-dor-brut-en-possession-ou-en-detention<\/a><\/li><li><a href=\"https:\/\/sonasp.bf\/wp-content\/uploads\/2024\/06\/DECRET-N\u00b02018-0967-Portant-organisation-attributions-composition-et-fonctionnement-de-la-BNAF.pdf\">DECRET-N\u00b02018-0967-Portant-organisation-attributions-composition-et-fonctionnement-de-la-BNAF<\/a><\/li><li><a href=\"https:\/\/sonasp.bf\/wp-content\/uploads\/2024\/06\/DECRET-N\u00b02018-0970-condition-de-coulee-de-pesee-et-de-colisage-et-de-controle-de-la-qualite-et-quantie-dor-industriel.pdf\">DECRET-N\u00b02018-0970-condition-de-coulee-de-pesee-et-de-colisage-et-de-controle-de-la-qualite-et-quantie-dor-industriel<\/a><\/li><\/ol><\/div>\n\t\t\t\t<\/div>\n\t\t\t\t\t\t\t\t<\/div>\n\t\t\t\t<\/div>\n\t\t\t\t<\/div>\n\t\t\t\t<\/div>\n\t\t\t\t<\/div>\n\t\t","protected":false},"excerpt":{"rendered":"<p>Documentations Lois et D\u00e9crets Lois Loi-051-2018-portant-regime-des-substances-explosives Loi-036-2015-AN-du-16-juin-2015-portant-code-minier-du-Burkina-Faso Loi-028-2017-AN-du-18-mai-2017-portant-organisation-de-la-commercialisation D\u00e9crets DECRET-2017-0024-Fonds-Minier-de-Developpement-Local Decret-2017-0047-du-1er-fevrier-2017-portant-fonds-de-rehabilitation-et-de-securisation-des-sites-artisanaux Decret-2015-1517-Statuts-particuliers-ANEEMAS Decret-2015-1420-creation-ANEEMAS DECRET-2017-0023-Taxes-et-redevances-minieres DECRET-2017-0024-Fonds-Minier-de-Developpement-Local-1 DECRET-2017-0034-du-26-janvier-2017-portant-organisation-fonctionnement-et-perception-Fonds-de-financement-recherche-et-formation Decret-75-010-du-10-janvier-1975-portant-conditions-administratives-sur-les-substances-explosives Decret-79-009-du-10-janvier-1975-portant-conditions-techniques-sur-les-substances-explosives Decret-79-175-du-9-mai-1979-portant-reglementation-de-la-fabrication-et-de-la-vente-des-ouvrages-en-or Decret_2007-853-du-26-decembre-2007-portant-dispositions-reglementaires-environnementales-particulieres-pour-lexercice-de-lactivite-miniere-au-BF [&hellip;]<\/p>\n","protected":false},"author":1,"featured_media":0,"parent":0,"menu_order":0,"comment_status":"closed","ping_status":"closed","template":"","meta":{"site-sidebar-layout":"no-sidebar","site-content-layout":"","ast-site-content-layout":"full-width-container","site-content-style":"default","site-sidebar-style":"default","ast-global-header-display":"","ast-banner-title-visibility":"","ast-main-header-display":"","ast-hfb-above-header-display":"","ast-hfb-below-header-display":"","ast-hfb-mobile-header-display":"","site-post-title":"disabled","ast-breadcrumbs-content":"","ast-featured-img":"disabled","footer-sml-layout":"","theme-transparent-header-meta":"","adv-header-id-meta":"","stick-header-meta":"","header-above-stick-meta":"","header-main-stick-meta":"","header-below-stick-meta":"","astra-migrate-meta-layouts":"default","ast-page-background-enabled":"default","ast-page-background-meta":{"desktop":{"background-color":"var(--ast-global-color-4)","background-image":"","background-repeat":"repeat","background-position":"center center","background-size":"auto","background-attachment":"scroll","background-type":"","background-media":"","overlay-type":"","overlay-color":"","overlay-opacity":"","overlay-gradient":""},"tablet":{"background-color":"","background-image":"","background-repeat":"repeat","background-position":"center center","background-size":"auto","background-attachment":"scroll","background-type":"","background-media":"","overlay-type":"","overlay-color":"","overlay-opacity":"","overlay-gradient":""},"mobile":{"background-color":"","background-image":"","background-repeat":"repeat","background-position":"center center","background-size":"auto","background-attachment":"scroll","background-type":"","background-media":"","overlay-type":"","overlay-color":"","overlay-opacity":"","overlay-gradient":""}},"ast-content-background-meta":{"desktop":{"background-color":"var(--ast-global-color-5)","background-image":"","background-repeat":"repeat","background-position":"center center","background-size":"auto","background-attachment":"scroll","background-type":"","background-media":"","overlay-type":"","overlay-color":"","overlay-opacity":"","overlay-gradient":""},"tablet":{"background-color":"var(--ast-global-color-5)","background-image":"","background-repeat":"repeat","background-position":"center center","background-size":"auto","background-attachment":"scroll","background-type":"","background-media":"","overlay-type":"","overlay-color":"","overlay-opacity":"","overlay-gradient":""},"mobile":{"background-color":"var(--ast-global-color-5)","background-image":"","background-repeat":"repeat","background-position":"center center","background-size":"auto","background-attachment":"scroll","background-type":"","background-media":"","overlay-type":"","overlay-color":"","overlay-opacity":"","overlay-gradient":""}},"footnotes":""},"class_list":["post-950","page","type-page","status-publish","hentry"],"yoast_head":"<!-- This site is optimized with the Yoast SEO plugin v24.0 - https:\/\/yoast.com\/wordpress\/plugins\/seo\/ -->\n<title>Documentation &#8211; SONASP<\/title>\n<meta name=\"robots\" content=\"index, follow, max-snippet:-1, max-image-preview:large, max-video-preview:-1\" \/>\n<link rel=\"canonical\" href=\"https:\/\/sonasp.bf\/?page_id=950\" \/>\n<meta property=\"og:locale\" content=\"fr_FR\" \/>\n<meta property=\"og:type\" content=\"article\" \/>\n<meta property=\"og:title\" content=\"Documentation &#8211; SONASP\" \/>\n<meta property=\"og:description\" content=\"Documentations Lois et D\u00e9crets Lois Loi-051-2018-portant-regime-des-substances-explosives Loi-036-2015-AN-du-16-juin-2015-portant-code-minier-du-Burkina-Faso Loi-028-2017-AN-du-18-mai-2017-portant-organisation-de-la-commercialisation D\u00e9crets DECRET-2017-0024-Fonds-Minier-de-Developpement-Local Decret-2017-0047-du-1er-fevrier-2017-portant-fonds-de-rehabilitation-et-de-securisation-des-sites-artisanaux Decret-2015-1517-Statuts-particuliers-ANEEMAS Decret-2015-1420-creation-ANEEMAS DECRET-2017-0023-Taxes-et-redevances-minieres DECRET-2017-0024-Fonds-Minier-de-Developpement-Local-1 DECRET-2017-0034-du-26-janvier-2017-portant-organisation-fonctionnement-et-perception-Fonds-de-financement-recherche-et-formation Decret-75-010-du-10-janvier-1975-portant-conditions-administratives-sur-les-substances-explosives Decret-79-009-du-10-janvier-1975-portant-conditions-techniques-sur-les-substances-explosives Decret-79-175-du-9-mai-1979-portant-reglementation-de-la-fabrication-et-de-la-vente-des-ouvrages-en-or Decret_2007-853-du-26-decembre-2007-portant-dispositions-reglementaires-environnementales-particulieres-pour-lexercice-de-lactivite-miniere-au-BF [&hellip;]\" \/>\n<meta property=\"og:url\" content=\"https:\/\/sonasp.bf\/?page_id=950\" \/>\n<meta property=\"og:site_name\" content=\"SONASP\" \/>\n<meta property=\"article:publisher\" content=\"https:\/\/web.facebook.com\/Sonaspre\" \/>\n<meta property=\"article:modified_time\" content=\"2024-07-10T13:18:16+00:00\" \/>\n<meta property=\"og:image\" content=\"https:\/\/sonasp.bf\/wp-content\/uploads\/2024\/06\/LOGO-SONASP-FINAL-scaled.jpg\" \/>\n\t<meta property=\"og:image:width\" content=\"2560\" \/>\n\t<meta property=\"og:image:height\" content=\"1219\" \/>\n\t<meta property=\"og:image:type\" content=\"image\/jpeg\" \/>\n<meta name=\"twitter:card\" content=\"summary_large_image\" \/>\n<meta name=\"twitter:label1\" content=\"Dur\u00e9e de lecture estim\u00e9e\" \/>\n\t<meta name=\"twitter:data1\" content=\"1 minute\" \/>\n<script type=\"application\/ld+json\" class=\"yoast-schema-graph\">{\"@context\":\"https:\/\/schema.org\",\"@graph\":[{\"@type\":\"WebPage\",\"@id\":\"https:\/\/sonasp.bf\/?page_id=950\",\"url\":\"https:\/\/sonasp.bf\/?page_id=950\",\"name\":\"Documentation &#8211; SONASP\",\"isPartOf\":{\"@id\":\"https:\/\/sonasp.bf\/#website\"},\"datePublished\":\"2024-06-25T13:49:58+00:00\",\"dateModified\":\"2024-07-10T13:18:16+00:00\",\"breadcrumb\":{\"@id\":\"https:\/\/sonasp.bf\/?page_id=950#breadcrumb\"},\"inLanguage\":\"fr-FR\",\"potentialAction\":[{\"@type\":\"ReadAction\",\"target\":[\"https:\/\/sonasp.bf\/?page_id=950\"]}]},{\"@type\":\"BreadcrumbList\",\"@id\":\"https:\/\/sonasp.bf\/?page_id=950#breadcrumb\",\"itemListElement\":[{\"@type\":\"ListItem\",\"position\":1,\"name\":\"Accueil\",\"item\":\"https:\/\/sonasp.bf\/\"},{\"@type\":\"ListItem\",\"position\":2,\"name\":\"Documentation\"}]},{\"@type\":\"WebSite\",\"@id\":\"https:\/\/sonasp.bf\/#website\",\"url\":\"https:\/\/sonasp.bf\/\",\"name\":\"SONASP\",\"description\":\"Soci\u00e9t\u00e9 Nationale des Substances Pr\u00e9cieuses\",\"publisher\":{\"@id\":\"https:\/\/sonasp.bf\/#organization\"},\"potentialAction\":[{\"@type\":\"SearchAction\",\"target\":{\"@type\":\"EntryPoint\",\"urlTemplate\":\"https:\/\/sonasp.bf\/?s={search_term_string}\"},\"query-input\":{\"@type\":\"PropertyValueSpecification\",\"valueRequired\":true,\"valueName\":\"search_term_string\"}}],\"inLanguage\":\"fr-FR\"},{\"@type\":\"Organization\",\"@id\":\"https:\/\/sonasp.bf\/#organization\",\"name\":\"SONASP\",\"url\":\"https:\/\/sonasp.bf\/\",\"logo\":{\"@type\":\"ImageObject\",\"inLanguage\":\"fr-FR\",\"@id\":\"https:\/\/sonasp.bf\/#\/schema\/logo\/image\/\",\"url\":\"https:\/\/sonasp.bf\/wp-content\/uploads\/2024\/06\/LOGO-SONASP-FINAL-scaled.jpg\",\"contentUrl\":\"https:\/\/sonasp.bf\/wp-content\/uploads\/2024\/06\/LOGO-SONASP-FINAL-scaled.jpg\",\"width\":2560,\"height\":1219,\"caption\":\"SONASP\"},\"image\":{\"@id\":\"https:\/\/sonasp.bf\/#\/schema\/logo\/image\/\"},\"sameAs\":[\"https:\/\/web.facebook.com\/Sonaspre\",\"https:\/\/www.linkedin.com\/company\/agence-nationale-d-encadrement-des-exploitations-minires-artisanales-et-semi-mcanises-aneemas\/\"]}]}<\/script>\n<!-- \/ Yoast SEO plugin. -->","yoast_head_json":{"title":"Documentation &#8211; SONASP","robots":{"index":"index","follow":"follow","max-snippet":"max-snippet:-1","max-image-preview":"max-image-preview:large","max-video-preview":"max-video-preview:-1"},"canonical":"https:\/\/sonasp.bf\/?page_id=950","og_locale":"fr_FR","og_type":"article","og_title":"Documentation &#8211; SONASP","og_description":"Documentations Lois et D\u00e9crets Lois Loi-051-2018-portant-regime-des-substances-explosives Loi-036-2015-AN-du-16-juin-2015-portant-code-minier-du-Burkina-Faso Loi-028-2017-AN-du-18-mai-2017-portant-organisation-de-la-commercialisation D\u00e9crets DECRET-2017-0024-Fonds-Minier-de-Developpement-Local Decret-2017-0047-du-1er-fevrier-2017-portant-fonds-de-rehabilitation-et-de-securisation-des-sites-artisanaux Decret-2015-1517-Statuts-particuliers-ANEEMAS Decret-2015-1420-creation-ANEEMAS DECRET-2017-0023-Taxes-et-redevances-minieres DECRET-2017-0024-Fonds-Minier-de-Developpement-Local-1 DECRET-2017-0034-du-26-janvier-2017-portant-organisation-fonctionnement-et-perception-Fonds-de-financement-recherche-et-formation Decret-75-010-du-10-janvier-1975-portant-conditions-administratives-sur-les-substances-explosives Decret-79-009-du-10-janvier-1975-portant-conditions-techniques-sur-les-substances-explosives Decret-79-175-du-9-mai-1979-portant-reglementation-de-la-fabrication-et-de-la-vente-des-ouvrages-en-or Decret_2007-853-du-26-decembre-2007-portant-dispositions-reglementaires-environnementales-particulieres-pour-lexercice-de-lactivite-miniere-au-BF [&hellip;]","og_url":"https:\/\/sonasp.bf\/?page_id=950","og_site_name":"SONASP","article_publisher":"https:\/\/web.facebook.com\/Sonaspre","article_modified_time":"2024-07-10T13:18:16+00:00","og_image":[{"width":2560,"height":1219,"url":"https:\/\/sonasp.bf\/wp-content\/uploads\/2024\/06\/LOGO-SONASP-FINAL-scaled.jpg","type":"image\/jpeg"}],"twitter_card":"summary_large_image","twitter_misc":{"Dur\u00e9e de lecture estim\u00e9e":"1 minute"},"schema":{"@context":"https:\/\/schema.org","@graph":[{"@type":"WebPage","@id":"https:\/\/sonasp.bf\/?page_id=950","url":"https:\/\/sonasp.bf\/?page_id=950","name":"Documentation &#8211; SONASP","isPartOf":{"@id":"https:\/\/sonasp.bf\/#website"},"datePublished":"2024-06-25T13:49:58+00:00","dateModified":"2024-07-10T13:18:16+00:00","breadcrumb":{"@id":"https:\/\/sonasp.bf\/?page_id=950#breadcrumb"},"inLanguage":"fr-FR","potentialAction":[{"@type":"ReadAction","target":["https:\/\/sonasp.bf\/?page_id=950"]}]},{"@type":"BreadcrumbList","@id":"https:\/\/sonasp.bf\/?page_id=950#breadcrumb","itemListElement":[{"@type":"ListItem","position":1,"name":"Accueil","item":"https:\/\/sonasp.bf\/"},{"@type":"ListItem","position":2,"name":"Documentation"}]},{"@type":"WebSite","@id":"https:\/\/sonasp.bf\/#website","url":"https:\/\/sonasp.bf\/","name":"SONASP","description":"Soci\u00e9t\u00e9 Nationale des Substances Pr\u00e9cieuses","publisher":{"@id":"https:\/\/sonasp.bf\/#organization"},"potentialAction":[{"@type":"SearchAction","target":{"@type":"EntryPoint","urlTemplate":"https:\/\/sonasp.bf\/?s={search_term_string}"},"query-input":{"@type":"PropertyValueSpecification","valueRequired":true,"valueName":"search_term_string"}}],"inLanguage":"fr-FR"},{"@type":"Organization","@id":"https:\/\/sonasp.bf\/#organization","name":"SONASP","url":"https:\/\/sonasp.bf\/","logo":{"@type":"ImageObject","inLanguage":"fr-FR","@id":"https:\/\/sonasp.bf\/#\/schema\/logo\/image\/","url":"https:\/\/sonasp.bf\/wp-content\/uploads\/2024\/06\/LOGO-SONASP-FINAL-scaled.jpg","contentUrl":"https:\/\/sonasp.bf\/wp-content\/uploads\/2024\/06\/LOGO-SONASP-FINAL-scaled.jpg","width":2560,"height":1219,"caption":"SONASP"},"image":{"@id":"https:\/\/sonasp.bf\/#\/schema\/logo\/image\/"},"sameAs":["https:\/\/web.facebook.com\/Sonaspre","https:\/\/www.linkedin.com\/company\/agence-nationale-d-encadrement-des-exploitations-minires-artisanales-et-semi-mcanises-aneemas\/"]}]}},"_links":{"self":[{"href":"https:\/\/sonasp.bf\/index.php?rest_route=\/wp\/v2\/pages\/950","targetHints":{"allow":["GET"]}}],"collection":[{"href":"https:\/\/sonasp.bf\/index.php?rest_route=\/wp\/v2\/pages"}],"about":[{"href":"https:\/\/sonasp.bf\/index.php?rest_route=\/wp\/v2\/types\/page"}],"author":[{"embeddable":true,"href":"https:\/\/sonasp.bf\/index.php?rest_route=\/wp\/v2\/users\/1"}],"replies":[{"embeddable":true,"href":"https:\/\/sonasp.bf\/index.php?rest_route=%2Fwp%2Fv2%2Fcomments&post=950"}],"version-history":[{"count":46,"href":"https:\/\/sonasp.bf\/index.php?rest_route=\/wp\/v2\/pages\/950\/revisions"}],"predecessor-version":[{"id":1785,"href":"https:\/\/sonasp.bf\/index.php?rest_route=\/wp\/v2\/pages\/950\/revisions\/1785"}],"wp:attachment":[{"href":"https:\/\/sonasp.bf\/index.php?rest_route=%2Fwp%2Fv2%2Fmedia&parent=950"}],"curies":[{"name":"wp","href":"https:\/\/api.w.org\/{rel}","templated":true}]}}