{"id":1878,"date":"2024-07-10T19:01:40","date_gmt":"2024-07-10T17:01:40","guid":{"rendered":"https:\/\/sonasp.bf\/?page_id=1878"},"modified":"2024-07-16T10:29:15","modified_gmt":"2024-07-16T08:29:15","slug":"message-de-bienvenue","status":"publish","type":"page","link":"https:\/\/sonasp.bf\/?page_id=1878","title":{"rendered":"Message de bienvenue"},"content":{"rendered":"\t\t<div data-elementor-type=\"wp-page\" data-elementor-id=\"1878\" class=\"elementor elementor-1878\" data-elementor-post-type=\"page\">\n\t\t\t\t<div class=\"elementor-element elementor-element-a89e0a6 e-flex e-con-boxed e-con e-parent\" data-id=\"a89e0a6\" data-element_type=\"container\" data-settings=\"{&quot;background_background&quot;:&quot;classic&quot;}\">\n\t\t\t\t\t<div class=\"e-con-inner\">\n\t\t\t\t<div class=\"elementor-element elementor-element-589d4f5 elementor-widget elementor-widget-heading\" data-id=\"589d4f5\" data-element_type=\"widget\" data-widget_type=\"heading.default\">\n\t\t\t\t<div class=\"elementor-widget-container\">\n\t\t\t<h2 class=\"elementor-heading-title elementor-size-default\">Message de bienvenue<\/h2>\t\t<\/div>\n\t\t\t\t<\/div>\n\t\t\t\t\t<\/div>\n\t\t\t\t<\/div>\n\t\t<div class=\"elementor-element elementor-element-b4a1c13 e-flex e-con-boxed e-con e-parent\" data-id=\"b4a1c13\" data-element_type=\"container\">\n\t\t\t\t\t<div class=\"e-con-inner\">\n\t\t<div class=\"elementor-element elementor-element-af947ce e-con-full e-flex e-con e-child\" data-id=\"af947ce\" data-element_type=\"container\">\n\t\t\t\t<div class=\"elementor-element elementor-element-f6a1014 elementor-position-top elementor-widget elementor-widget-image-box\" data-id=\"f6a1014\" data-element_type=\"widget\" data-widget_type=\"image-box.default\">\n\t\t\t\t<div class=\"elementor-widget-container\">\n\t\t\t<div class=\"elementor-image-box-wrapper\"><figure class=\"elementor-image-box-img\"><img fetchpriority=\"high\" decoding=\"async\" width=\"1707\" height=\"2560\" src=\"https:\/\/sonasp.bf\/wp-content\/uploads\/2024\/07\/3G6A0140-scaled.jpg\" class=\"attachment-full size-full wp-image-1977\" alt=\"\" srcset=\"https:\/\/sonasp.bf\/wp-content\/uploads\/2024\/07\/3G6A0140-scaled.jpg 1707w, https:\/\/sonasp.bf\/wp-content\/uploads\/2024\/07\/3G6A0140-200x300.jpg 200w, https:\/\/sonasp.bf\/wp-content\/uploads\/2024\/07\/3G6A0140-683x1024.jpg 683w, https:\/\/sonasp.bf\/wp-content\/uploads\/2024\/07\/3G6A0140-768x1152.jpg 768w, https:\/\/sonasp.bf\/wp-content\/uploads\/2024\/07\/3G6A0140-1024x1536.jpg 1024w, https:\/\/sonasp.bf\/wp-content\/uploads\/2024\/07\/3G6A0140-1365x2048.jpg 1365w\" sizes=\"(max-width: 1707px) 100vw, 1707px\" \/><\/figure><div class=\"elementor-image-box-content\"><h3 class=\"elementor-image-box-title\">Sougrinoma Basile ZONGO<\/h3><p class=\"elementor-image-box-description\">Directeur G\u00e9n\u00e9ral<\/p><\/div><\/div>\t\t<\/div>\n\t\t\t\t<\/div>\n\t\t\t\t<\/div>\n\t\t<div class=\"elementor-element elementor-element-9ac7570 e-con-full e-flex e-con e-child\" data-id=\"9ac7570\" data-element_type=\"container\">\n\t\t\t\t<div class=\"elementor-element elementor-element-e60f5d1 elementor-widget elementor-widget-heading\" data-id=\"e60f5d1\" data-element_type=\"widget\" data-widget_type=\"heading.default\">\n\t\t\t\t<div class=\"elementor-widget-container\">\n\t\t\t<h2 class=\"elementor-heading-title elementor-size-default\">Chers visiteurs,<\/h2>\t\t<\/div>\n\t\t\t\t<\/div>\n\t\t\t\t<div class=\"elementor-element elementor-element-e670738 elementor-widget__width-initial elementor-widget elementor-widget-text-editor\" data-id=\"e670738\" data-element_type=\"widget\" data-widget_type=\"text-editor.default\">\n\t\t\t\t<div class=\"elementor-widget-container\">\n\t\t\t\t\t\t\t<p>Bienvenue sur le site web de la Soci\u00e9t\u00e9 Nationale des Substances Pr\u00e9cieuses (SONASP) !Ce site a \u00e9t\u00e9 con\u00e7u dans le cadre global de la strat\u00e9gie de communication de la SONASP. La SONASP s\u2019est orient\u00e9e vers l\u2019exploitation des substances pr\u00e9cieuses, la transformation des substances pr\u00e9cieuses et surtout la commercialisation de l\u2019or mais aussi le traitement de produits miniers.<\/p><p>Au regard des attributions de la SONASP, soucieuse de l\u2019excellence de ses services, cette initiative s\u2019est r\u00e9v\u00e9l\u00e9e comme une n\u00e9cessit\u00e9 pour la strat\u00e9gie de Communication de la SONASP. Ce site est la principale vitrine \u00e0 votre service o\u00f9 vous trouverez les r\u00e9alisations et les actions que m\u00e8ne la SONASP, les textes l\u00e9gislatifs et r\u00e9glementaires relatifs au secteur minier du Burkina Faso, des donn\u00e9es statistiques et bien d\u2019autres informations utiles pour vos activit\u00e9s.<\/p><p>Je demeure convaincu qu\u2019ensemble, nous pouvons faire de l\u2019exploitation des substances pr\u00e9cieuses, de la transformation des substances pr\u00e9cieuses, de la commercialisation de l\u2019or et du traitement de produits miniers , un puissant outil de d\u00e9veloppement \u00e9conomique et social tout en r\u00e9duisant ses effets n\u00e9fastes sur l\u2019environnement et dans le respect des droits humains prenant en compte la sant\u00e9 et la s\u00e9curit\u00e9 des acteurs. La SONASP \u00e0 travers son site web, pr\u00e9sentera aux visiteurs, les difficult\u00e9s, les efforts et les r\u00e9ussites engrang\u00e9s dans son \u0153uvre d\u2019exploitation, de transformation et commercialisation et du traitement des produits miniers.<\/p><p>Aucune \u0153uvre humaine n\u2019\u00e9tant parfaite, vos critiques constructives seront donc les bienvenues pour nous permettre d\u2019am\u00e9liorer continuellement les diff\u00e9rentes rubriques qui composent ce site afin d\u2019en faire un outil efficace au service de son personnel et de ses partenaires. Ce site se veut dynamique pour r\u00e9pondre \u00e0 toutes vos attentes. N\u2019h\u00e9sitez pas \u00e0 nous \u00e9crire pour nous exprimer vos pr\u00e9occupations.<\/p>\t\t\t\t\t\t<\/div>\n\t\t\t\t<\/div>\n\t\t\t\t<\/div>\n\t\t\t\t\t<\/div>\n\t\t\t\t<\/div>\n\t\t\t\t<\/div>\n\t\t","protected":false},"excerpt":{"rendered":"<p>Message de bienvenue Sougrinoma Basile ZONGO Directeur G\u00e9n\u00e9ral Chers visiteurs, Bienvenue sur le site web de la Soci\u00e9t\u00e9 Nationale des [&hellip;]<\/p>\n","protected":false},"author":1,"featured_media":0,"parent":0,"menu_order":0,"comment_status":"closed","ping_status":"closed","template":"","meta":{"site-sidebar-layout":"no-sidebar","site-content-layout":"","ast-site-content-layout":"full-width-container","site-content-style":"default","site-sidebar-style":"default","ast-global-header-display":"","ast-banner-title-visibility":"","ast-main-header-display":"","ast-hfb-above-header-display":"","ast-hfb-below-header-display":"","ast-hfb-mobile-header-display":"","site-post-title":"disabled","ast-breadcrumbs-content":"","ast-featured-img":"disabled","footer-sml-layout":"","theme-transparent-header-meta":"","adv-header-id-meta":"","stick-header-meta":"","header-above-stick-meta":"","header-main-stick-meta":"","header-below-stick-meta":"","astra-migrate-meta-layouts":"default","ast-page-background-enabled":"default","ast-page-background-meta":{"desktop":{"background-color":"var(--ast-global-color-4)","background-image":"","background-repeat":"repeat","background-position":"center center","background-size":"auto","background-attachment":"scroll","background-type":"","background-media":"","overlay-type":"","overlay-color":"","overlay-opacity":"","overlay-gradient":""},"tablet":{"background-color":"","background-image":"","background-repeat":"repeat","background-position":"center center","background-size":"auto","background-attachment":"scroll","background-type":"","background-media":"","overlay-type":"","overlay-color":"","overlay-opacity":"","overlay-gradient":""},"mobile":{"background-color":"","background-image":"","background-repeat":"repeat","background-position":"center center","background-size":"auto","background-attachment":"scroll","background-type":"","background-media":"","overlay-type":"","overlay-color":"","overlay-opacity":"","overlay-gradient":""}},"ast-content-background-meta":{"desktop":{"background-color":"var(--ast-global-color-5)","background-image":"","background-repeat":"repeat","background-position":"center center","background-size":"auto","background-attachment":"scroll","background-type":"","background-media":"","overlay-type":"","overlay-color":"","overlay-opacity":"","overlay-gradient":""},"tablet":{"background-color":"var(--ast-global-color-5)","background-image":"","background-repeat":"repeat","background-position":"center center","background-size":"auto","background-attachment":"scroll","background-type":"","background-media":"","overlay-type":"","overlay-color":"","overlay-opacity":"","overlay-gradient":""},"mobile":{"background-color":"var(--ast-global-color-5)","background-image":"","background-repeat":"repeat","background-position":"center center","background-size":"auto","background-attachment":"scroll","background-type":"","background-media":"","overlay-type":"","overlay-color":"","overlay-opacity":"","overlay-gradient":""}},"footnotes":""},"class_list":["post-1878","page","type-page","status-publish","hentry"],"yoast_head":"<!-- This site is optimized with the Yoast SEO plugin v24.0 - https:\/\/yoast.com\/wordpress\/plugins\/seo\/ -->\n<title>Message de bienvenue &#8211; SONASP<\/title>\n<meta name=\"robots\" content=\"index, follow, max-snippet:-1, max-image-preview:large, max-video-preview:-1\" \/>\n<link rel=\"canonical\" href=\"https:\/\/sonasp.bf\/?page_id=1878\" \/>\n<meta property=\"og:locale\" content=\"fr_FR\" \/>\n<meta property=\"og:type\" content=\"article\" \/>\n<meta property=\"og:title\" content=\"Message de bienvenue &#8211; SONASP\" \/>\n<meta property=\"og:description\" content=\"Message de bienvenue Sougrinoma Basile ZONGO Directeur G\u00e9n\u00e9ral Chers visiteurs, Bienvenue sur le site web de la Soci\u00e9t\u00e9 Nationale des [&hellip;]\" \/>\n<meta property=\"og:url\" content=\"https:\/\/sonasp.bf\/?page_id=1878\" \/>\n<meta property=\"og:site_name\" content=\"SONASP\" \/>\n<meta property=\"article:publisher\" content=\"https:\/\/web.facebook.com\/Sonaspre\" \/>\n<meta property=\"article:modified_time\" content=\"2024-07-16T08:29:15+00:00\" \/>\n<meta property=\"og:image\" content=\"https:\/\/sonasp.bf\/wp-content\/uploads\/2024\/07\/3G6A0140-scaled.jpg\" \/>\n<meta name=\"twitter:card\" content=\"summary_large_image\" \/>\n<meta name=\"twitter:label1\" content=\"Dur\u00e9e de lecture estim\u00e9e\" \/>\n\t<meta name=\"twitter:data1\" content=\"2 minutes\" \/>\n<script type=\"application\/ld+json\" class=\"yoast-schema-graph\">{\"@context\":\"https:\/\/schema.org\",\"@graph\":[{\"@type\":\"WebPage\",\"@id\":\"https:\/\/sonasp.bf\/?page_id=1878\",\"url\":\"https:\/\/sonasp.bf\/?page_id=1878\",\"name\":\"Message de bienvenue &#8211; SONASP\",\"isPartOf\":{\"@id\":\"https:\/\/sonasp.bf\/#website\"},\"primaryImageOfPage\":{\"@id\":\"https:\/\/sonasp.bf\/?page_id=1878#primaryimage\"},\"image\":{\"@id\":\"https:\/\/sonasp.bf\/?page_id=1878#primaryimage\"},\"thumbnailUrl\":\"https:\/\/sonasp.bf\/wp-content\/uploads\/2024\/07\/3G6A0140-scaled.jpg\",\"datePublished\":\"2024-07-10T17:01:40+00:00\",\"dateModified\":\"2024-07-16T08:29:15+00:00\",\"breadcrumb\":{\"@id\":\"https:\/\/sonasp.bf\/?page_id=1878#breadcrumb\"},\"inLanguage\":\"fr-FR\",\"potentialAction\":[{\"@type\":\"ReadAction\",\"target\":[\"https:\/\/sonasp.bf\/?page_id=1878\"]}]},{\"@type\":\"ImageObject\",\"inLanguage\":\"fr-FR\",\"@id\":\"https:\/\/sonasp.bf\/?page_id=1878#primaryimage\",\"url\":\"https:\/\/sonasp.bf\/wp-content\/uploads\/2024\/07\/3G6A0140-scaled.jpg\",\"contentUrl\":\"https:\/\/sonasp.bf\/wp-content\/uploads\/2024\/07\/3G6A0140-scaled.jpg\",\"width\":1707,\"height\":2560},{\"@type\":\"BreadcrumbList\",\"@id\":\"https:\/\/sonasp.bf\/?page_id=1878#breadcrumb\",\"itemListElement\":[{\"@type\":\"ListItem\",\"position\":1,\"name\":\"Accueil\",\"item\":\"https:\/\/sonasp.bf\/\"},{\"@type\":\"ListItem\",\"position\":2,\"name\":\"Message de bienvenue\"}]},{\"@type\":\"WebSite\",\"@id\":\"https:\/\/sonasp.bf\/#website\",\"url\":\"https:\/\/sonasp.bf\/\",\"name\":\"SONASP\",\"description\":\"Soci\u00e9t\u00e9 Nationale des Substances Pr\u00e9cieuses\",\"publisher\":{\"@id\":\"https:\/\/sonasp.bf\/#organization\"},\"potentialAction\":[{\"@type\":\"SearchAction\",\"target\":{\"@type\":\"EntryPoint\",\"urlTemplate\":\"https:\/\/sonasp.bf\/?s={search_term_string}\"},\"query-input\":{\"@type\":\"PropertyValueSpecification\",\"valueRequired\":true,\"valueName\":\"search_term_string\"}}],\"inLanguage\":\"fr-FR\"},{\"@type\":\"Organization\",\"@id\":\"https:\/\/sonasp.bf\/#organization\",\"name\":\"SONASP\",\"url\":\"https:\/\/sonasp.bf\/\",\"logo\":{\"@type\":\"ImageObject\",\"inLanguage\":\"fr-FR\",\"@id\":\"https:\/\/sonasp.bf\/#\/schema\/logo\/image\/\",\"url\":\"https:\/\/sonasp.bf\/wp-content\/uploads\/2024\/06\/LOGO-SONASP-FINAL-scaled.jpg\",\"contentUrl\":\"https:\/\/sonasp.bf\/wp-content\/uploads\/2024\/06\/LOGO-SONASP-FINAL-scaled.jpg\",\"width\":2560,\"height\":1219,\"caption\":\"SONASP\"},\"image\":{\"@id\":\"https:\/\/sonasp.bf\/#\/schema\/logo\/image\/\"},\"sameAs\":[\"https:\/\/web.facebook.com\/Sonaspre\",\"https:\/\/www.linkedin.com\/company\/agence-nationale-d-encadrement-des-exploitations-minires-artisanales-et-semi-mcanises-aneemas\/\"]}]}<\/script>\n<!-- \/ Yoast SEO plugin. -->","yoast_head_json":{"title":"Message de bienvenue &#8211; SONASP","robots":{"index":"index","follow":"follow","max-snippet":"max-snippet:-1","max-image-preview":"max-image-preview:large","max-video-preview":"max-video-preview:-1"},"canonical":"https:\/\/sonasp.bf\/?page_id=1878","og_locale":"fr_FR","og_type":"article","og_title":"Message de bienvenue &#8211; SONASP","og_description":"Message de bienvenue Sougrinoma Basile ZONGO Directeur G\u00e9n\u00e9ral Chers visiteurs, Bienvenue sur le site web de la Soci\u00e9t\u00e9 Nationale des [&hellip;]","og_url":"https:\/\/sonasp.bf\/?page_id=1878","og_site_name":"SONASP","article_publisher":"https:\/\/web.facebook.com\/Sonaspre","article_modified_time":"2024-07-16T08:29:15+00:00","og_image":[{"url":"https:\/\/sonasp.bf\/wp-content\/uploads\/2024\/07\/3G6A0140-scaled.jpg","type":"","width":"","height":""}],"twitter_card":"summary_large_image","twitter_misc":{"Dur\u00e9e de lecture estim\u00e9e":"2 minutes"},"schema":{"@context":"https:\/\/schema.org","@graph":[{"@type":"WebPage","@id":"https:\/\/sonasp.bf\/?page_id=1878","url":"https:\/\/sonasp.bf\/?page_id=1878","name":"Message de bienvenue &#8211; SONASP","isPartOf":{"@id":"https:\/\/sonasp.bf\/#website"},"primaryImageOfPage":{"@id":"https:\/\/sonasp.bf\/?page_id=1878#primaryimage"},"image":{"@id":"https:\/\/sonasp.bf\/?page_id=1878#primaryimage"},"thumbnailUrl":"https:\/\/sonasp.bf\/wp-content\/uploads\/2024\/07\/3G6A0140-scaled.jpg","datePublished":"2024-07-10T17:01:40+00:00","dateModified":"2024-07-16T08:29:15+00:00","breadcrumb":{"@id":"https:\/\/sonasp.bf\/?page_id=1878#breadcrumb"},"inLanguage":"fr-FR","potentialAction":[{"@type":"ReadAction","target":["https:\/\/sonasp.bf\/?page_id=1878"]}]},{"@type":"ImageObject","inLanguage":"fr-FR","@id":"https:\/\/sonasp.bf\/?page_id=1878#primaryimage","url":"https:\/\/sonasp.bf\/wp-content\/uploads\/2024\/07\/3G6A0140-scaled.jpg","contentUrl":"https:\/\/sonasp.bf\/wp-content\/uploads\/2024\/07\/3G6A0140-scaled.jpg","width":1707,"height":2560},{"@type":"BreadcrumbList","@id":"https:\/\/sonasp.bf\/?page_id=1878#breadcrumb","itemListElement":[{"@type":"ListItem","position":1,"name":"Accueil","item":"https:\/\/sonasp.bf\/"},{"@type":"ListItem","position":2,"name":"Message de bienvenue"}]},{"@type":"WebSite","@id":"https:\/\/sonasp.bf\/#website","url":"https:\/\/sonasp.bf\/","name":"SONASP","description":"Soci\u00e9t\u00e9 Nationale des Substances Pr\u00e9cieuses","publisher":{"@id":"https:\/\/sonasp.bf\/#organization"},"potentialAction":[{"@type":"SearchAction","target":{"@type":"EntryPoint","urlTemplate":"https:\/\/sonasp.bf\/?s={search_term_string}"},"query-input":{"@type":"PropertyValueSpecification","valueRequired":true,"valueName":"search_term_string"}}],"inLanguage":"fr-FR"},{"@type":"Organization","@id":"https:\/\/sonasp.bf\/#organization","name":"SONASP","url":"https:\/\/sonasp.bf\/","logo":{"@type":"ImageObject","inLanguage":"fr-FR","@id":"https:\/\/sonasp.bf\/#\/schema\/logo\/image\/","url":"https:\/\/sonasp.bf\/wp-content\/uploads\/2024\/06\/LOGO-SONASP-FINAL-scaled.jpg","contentUrl":"https:\/\/sonasp.bf\/wp-content\/uploads\/2024\/06\/LOGO-SONASP-FINAL-scaled.jpg","width":2560,"height":1219,"caption":"SONASP"},"image":{"@id":"https:\/\/sonasp.bf\/#\/schema\/logo\/image\/"},"sameAs":["https:\/\/web.facebook.com\/Sonaspre","https:\/\/www.linkedin.com\/company\/agence-nationale-d-encadrement-des-exploitations-minires-artisanales-et-semi-mcanises-aneemas\/"]}]}},"_links":{"self":[{"href":"https:\/\/sonasp.bf\/index.php?rest_route=\/wp\/v2\/pages\/1878","targetHints":{"allow":["GET"]}}],"collection":[{"href":"https:\/\/sonasp.bf\/index.php?rest_route=\/wp\/v2\/pages"}],"about":[{"href":"https:\/\/sonasp.bf\/index.php?rest_route=\/wp\/v2\/types\/page"}],"author":[{"embeddable":true,"href":"https:\/\/sonasp.bf\/index.php?rest_route=\/wp\/v2\/users\/1"}],"replies":[{"embeddable":true,"href":"https:\/\/sonasp.bf\/index.php?rest_route=%2Fwp%2Fv2%2Fcomments&post=1878"}],"version-history":[{"count":40,"href":"https:\/\/sonasp.bf\/index.php?rest_route=\/wp\/v2\/pages\/1878\/revisions"}],"predecessor-version":[{"id":1980,"href":"https:\/\/sonasp.bf\/index.php?rest_route=\/wp\/v2\/pages\/1878\/revisions\/1980"}],"wp:attachment":[{"href":"https:\/\/sonasp.bf\/index.php?rest_route=%2Fwp%2Fv2%2Fmedia&parent=1878"}],"curies":[{"name":"wp","href":"https:\/\/api.w.org\/{rel}","templated":true}]}}